{"id":1432,"date":"2018-12-08T13:20:11","date_gmt":"2018-12-08T12:20:11","guid":{"rendered":"https:\/\/www.actimate.se\/?page_id=1432"},"modified":"2019-03-17T12:37:34","modified_gmt":"2019-03-17T11:37:34","slug":"intresse-2","status":"publish","type":"page","link":"https:\/\/actimate.se\/en\/intresse-2\/","title":{"rendered":"Intresse-Sparbank"},"content":{"rendered":"<section class=\"wpb-content-wrapper\"><p>[vc_row row_type=&#8221;parallax&#8221; header_style=&#8221;light&#8221; parallax_content_width=&#8221;in_grid&#8221; text_align=&#8221;left&#8221; background_image=&#8221;332&#8243; full_screen_section_height=&#8221;yes&#8221; vertically_align_content_in_middle=&#8221;yes&#8221;][vc_column width=&#8221;2\/3&#8243;][vc_column_text]<\/p>\n<h2 style=\"font-family: roboto; font-size: 72px; font-weight: 900; color: #fff;\"><span style=\"color: #16ffff;\">Skurups Sparbank <\/span>utmnar alla Sveriges Sparbanker att s\u00e4tta fokus p\u00e5 fysisk aktivitet.<\/h2>\n<h2 style=\"font-family: roboto; font-size: 72px; font-weight: 900; color: #fff;\"><span style=\"font-size: 24pt;\">L\u00e4s mer nedan<\/span><\/h2>\n<p>[\/vc_column_text][\/vc_column][vc_column width=&#8221;1\/3&#8243;][vc_single_image image=&#8221;181&#8243; img_size=&#8221;large&#8221; qode_css_animation=&#8221;&#8221;][\/vc_column][\/vc_row][vc_row row_type=&#8221;row&#8221; use_row_as_full_screen_section=&#8221;no&#8221; type=&#8221;full_width&#8221; angled_section=&#8221;no&#8221; text_align=&#8221;left&#8221; background_image_as_pattern=&#8221;without_pattern&#8221; css_animation=&#8221;&#8221;][vc_column][vc_column_text]<\/p>\n<p>[\/vc_column_text][\/vc_column][\/vc_row][vc_row row_type=&#8221;row&#8221; use_row_as_full_screen_section=&#8221;yes&#8221; type=&#8221;grid&#8221; angled_section=&#8221;no&#8221; text_align=&#8221;left&#8221; background_image_as_pattern=&#8221;without_pattern&#8221; background_color=&#8221;#ffffff&#8221; padding_top=&#8221;100&#8243; css_animation=&#8221;&#8221;][vc_column width=&#8221;2\/3&#8243;][vc_row_inner row_type=&#8221;row&#8221; type=&#8221;full_width&#8221; text_align=&#8221;left&#8221; css_animation=&#8221;&#8221;][vc_column_inner][vc_column_text]<\/p>\n<p>[\/vc_column_text][\/vc_column_inner][\/vc_row_inner][vc_column_text css=&#8221;.vc_custom_1539067479530{margin-bottom: 20px !important;}&#8221;]<span style=\"color: #0ad2f4;\"><strong>Starta nu<\/strong><\/span>[\/vc_column_text][vc_column_text]<\/p>\n<h2 style=\"font-size: 48px; color: #575757;\">Anta utmaningen\u00a0<span style=\"color: #0ad2f4;\">och f\u00e5 mer motiverade medarbetare!<\/span><\/h2>\n<p>[\/vc_column_text][vc_separator type=&#8221;transparent&#8221; up=&#8221;13&#8243; down=&#8221;12&#8243;][vc_column_text]<strong>Fakta:<\/strong><\/p>\n<ul>\n<li>8 veckors boost och fokus p\u00e5 fysisk aktivitet.<\/li>\n<li>All aktivitet r\u00e4knas; 1 aktiv minut = 1 po\u00e4ng.<\/li>\n<li>F\u00f6lj utvecklingen och se resultatet, b\u00e5de ditt personliga, teamets och f\u00f6retagets.<\/li>\n<li>Starta utmaningen valfri m\u00e5ndag under 2019.<\/li>\n<li>Enkelt, du beh\u00f6ver bara en mobil. (inga klockor, stegr\u00e4knare eller ytterligare appar)<\/li>\n<li>GDPR s\u00e4kert<\/li>\n<li>Enkel att komma ig\u00e5ng.<\/li>\n<li>Full support, fr\u00e5n Actimate<\/li>\n<li>Prisutdelning till <strong>Sveriges B\u00e4sta Sparbank<\/strong> och <strong>Health Business of the Year<\/strong><\/li>\n<\/ul>\n<p><em>\u00a0<\/em><\/p>\n<p>[\/vc_column_text][vc_separator type=&#8221;transparent&#8221; up=&#8221;20&#8243; down=&#8221;20&#8243; el_class=&#8221;show_on_mobile&#8221;][vc_row_inner row_type=&#8221;row&#8221; type=&#8221;full_width&#8221; text_align=&#8221;left&#8221; css_animation=&#8221;&#8221;][vc_column_inner][vc_column_text]<\/p>\n<p>[\/vc_column_text][\/vc_column_inner][\/vc_row_inner][\/vc_column][vc_column width=&#8221;1\/3&#8243;][vc_single_image image=&#8221;1439&#8243; img_size=&#8221;large&#8221; alignment=&#8221;center&#8221; onclick=&#8221;custom_link&#8221; img_link_target=&#8221;_blank&#8221; qode_css_animation=&#8221;&#8221; link=&#8221;https:\/\/youtu.be\/AgLvDb25FRI&#8221;][vc_row_inner row_type=&#8221;row&#8221; type=&#8221;full_width&#8221; text_align=&#8221;left&#8221; css_animation=&#8221;&#8221;][vc_column_inner][vc_separator type=&#8221;normal&#8221; color=&#8221;#ffffff&#8221;][vc_separator type=&#8221;normal&#8221; color=&#8221;#ffffff&#8221;][vc_single_image image=&#8221;1441&#8243; img_size=&#8221;large&#8221; onclick=&#8221;custom_link&#8221; img_link_target=&#8221;_blank&#8221; qode_css_animation=&#8221;&#8221; link=&#8221;https:\/\/youtu.be\/GUsLhwlCcow&#8221;][\/vc_column_inner][\/vc_row_inner][\/vc_column][\/vc_row][vc_row row_type=&#8221;row&#8221; use_row_as_full_screen_section=&#8221;no&#8221; type=&#8221;full_width&#8221; angled_section=&#8221;no&#8221; text_align=&#8221;left&#8221; background_image_as_pattern=&#8221;without_pattern&#8221; css_animation=&#8221;&#8221;][vc_column][vc_column_text]<\/p>\n<p>[\/vc_column_text][\/vc_column][\/vc_row][vc_row row_type=&#8221;row&#8221; use_row_as_full_screen_section=&#8221;no&#8221; type=&#8221;full_width&#8221; angled_section=&#8221;no&#8221; text_align=&#8221;left&#8221; background_image_as_pattern=&#8221;without_pattern&#8221; css_animation=&#8221;&#8221;][vc_column][vc_column_text]<\/p>\n<p>[\/vc_column_text][\/vc_column][\/vc_row][vc_row row_type=&#8221;row&#8221; use_row_as_full_screen_section=&#8221;yes&#8221; type=&#8221;grid&#8221; angled_section=&#8221;no&#8221; text_align=&#8221;left&#8221; background_image_as_pattern=&#8221;without_pattern&#8221; background_color=&#8221;#ffffff&#8221; padding_top=&#8221;100&#8243; css_animation=&#8221;&#8221;][vc_column width=&#8221;2\/3&#8243;][vc_row_inner row_type=&#8221;row&#8221; type=&#8221;full_width&#8221; text_align=&#8221;left&#8221; css_animation=&#8221;&#8221;][vc_column_inner][vc_column_text]<\/p>\n<p>[\/vc_column_text][\/vc_column_inner][\/vc_row_inner][vc_column_text]<\/p>\n<h2 style=\"font-size: 48px; color: #575757;\">R\u00f6relse i\u00a0<span style=\"color: #0ad2f4;\">fokus!<\/span><\/h2>\n<p>[\/vc_column_text][vc_separator type=&#8221;transparent&#8221; up=&#8221;13&#8243; down=&#8221;12&#8243;][vc_column_text]Enkelt, l\u00e4tt och smart. Actimate motiverar medarbetarna att bli mer aktiva.<\/p>\n<p>Nyckeln f\u00f6r att bygga b\u00e4ttre vanor \u00e4r att ta sm\u00e5 steg varje dag. V\u00e5r utmaning g\u00f6r det roligt och enkelt.<\/p>\n<p>Actimate ansluter till Google Fitness (Android) eller Apple Health (iOS) och all din r\u00f6relse r\u00e4knas oavsett vad du g\u00f6r.<\/p>\n<p>Aktivitetsutmaningen bygger lagk\u00e4nsla och \u00e4r bra f\u00f6r medarbetarengagemanget. Som deltagare f\u00e5r du en tydligt bild av din vardagsr\u00f6relse och tr\u00e4ning. Vetskap ger m\u00f6jlighet till f\u00f6rb\u00e4ttring. Dessutom kan alla anv\u00e4nda sina aktivitetspo\u00e4ng f\u00f6r sp\u00e4nnade bel\u00f6ningar:<\/p>\n<p>Actimates mor\u00f6tter![\/vc_column_text][vc_separator type=&#8221;transparent&#8221; up=&#8221;20&#8243; down=&#8221;20&#8243; el_class=&#8221;show_on_mobile&#8221;][vc_row_inner row_type=&#8221;row&#8221; type=&#8221;full_width&#8221; text_align=&#8221;left&#8221; css_animation=&#8221;&#8221;][vc_column_inner][vc_column_text]<\/p>\n<p>[\/vc_column_text][\/vc_column_inner][\/vc_row_inner][\/vc_column][vc_column width=&#8221;1\/3&#8243;][vc_single_image image=&#8221;524&#8243; img_size=&#8221;large&#8221; alignment=&#8221;center&#8221; qode_css_animation=&#8221;&#8221;][vc_row_inner row_type=&#8221;row&#8221; type=&#8221;full_width&#8221; text_align=&#8221;left&#8221; css_animation=&#8221;&#8221;][vc_column_inner][\/vc_column_inner][\/vc_row_inner][\/vc_column][\/vc_row][vc_row row_type=&#8221;row&#8221; use_row_as_full_screen_section=&#8221;no&#8221; type=&#8221;full_width&#8221; angled_section=&#8221;no&#8221; text_align=&#8221;left&#8221; background_image_as_pattern=&#8221;without_pattern&#8221; css_animation=&#8221;&#8221;][vc_column][vc_column_text]<\/p>\n<p>[\/vc_column_text][\/vc_column][\/vc_row][vc_row row_type=&#8221;row&#8221; use_row_as_full_screen_section=&#8221;yes&#8221; type=&#8221;grid&#8221; angled_section=&#8221;no&#8221; text_align=&#8221;left&#8221; background_image_as_pattern=&#8221;without_pattern&#8221; background_color=&#8221;#ffffff&#8221; padding_top=&#8221;100&#8243; css_animation=&#8221;&#8221;][vc_column width=&#8221;2\/3&#8243;][vc_row_inner row_type=&#8221;row&#8221; type=&#8221;full_width&#8221; text_align=&#8221;left&#8221; css_animation=&#8221;&#8221;][vc_column_inner][vc_column_text]<\/p>\n<p>[\/vc_column_text][\/vc_column_inner][\/vc_row_inner][vc_column_text]<\/p>\n<h2 style=\"font-size: 48px; color: #575757;\">Vi hj\u00e4lper er\u00a0<span style=\"color: #0ad2f4;\">ig\u00e5ng!<\/span><\/h2>\n<p>[\/vc_column_text][vc_separator type=&#8221;transparent&#8221; up=&#8221;13&#8243; down=&#8221;12&#8243;][vc_column_text]Vi hj\u00e4lper er ig\u00e5ng och ger din bank och dina anst\u00e4llda ett inspirerande verktyg f\u00f6r att h\u00e5lla fokus p\u00e5 fysisk aktivitet.<\/p>\n<p>Med \u00f6kad aktivitet kommer alla p\u00e5 f\u00f6retaget k\u00e4nna sig friskare och gladare.<\/p>\n<p>Anv\u00e4nd Actimate f\u00f6r att utmana, engagera och motivera dina anst\u00e4llda.[\/vc_column_text][vc_separator type=&#8221;transparent&#8221; up=&#8221;20&#8243; down=&#8221;20&#8243; el_class=&#8221;show_on_mobile&#8221;][vc_row_inner row_type=&#8221;row&#8221; type=&#8221;full_width&#8221; text_align=&#8221;left&#8221; css_animation=&#8221;&#8221;][vc_column_inner][vc_column_text]<\/p>\n<p>[\/vc_column_text][\/vc_column_inner][\/vc_row_inner][\/vc_column][vc_column width=&#8221;1\/3&#8243;][vc_single_image image=&#8221;240&#8243; img_size=&#8221;large&#8221; alignment=&#8221;center&#8221; qode_css_animation=&#8221;&#8221;][vc_row_inner row_type=&#8221;row&#8221; type=&#8221;full_width&#8221; text_align=&#8221;left&#8221; css_animation=&#8221;&#8221;][vc_column_inner][\/vc_column_inner][\/vc_row_inner][\/vc_column][\/vc_row][vc_row row_type=&#8221;row&#8221; use_row_as_full_screen_section=&#8221;no&#8221; type=&#8221;full_width&#8221; angled_section=&#8221;no&#8221; text_align=&#8221;left&#8221; background_image_as_pattern=&#8221;without_pattern&#8221; css_animation=&#8221;&#8221;][vc_column][vc_column_text]<\/p>\n<p>[\/vc_column_text][\/vc_column][\/vc_row][vc_row row_type=&#8221;row&#8221; use_row_as_full_screen_section=&#8221;yes&#8221; type=&#8221;grid&#8221; angled_section=&#8221;no&#8221; text_align=&#8221;left&#8221; background_image_as_pattern=&#8221;without_pattern&#8221; background_color=&#8221;#f1f1f1&#8243; padding_top=&#8221;100&#8243; padding_bottom=&#8221;100&#8243; css_animation=&#8221;&#8221;][vc_column width=&#8221;1\/4&#8243;][vc_column_text]<\/p>\n<h2 style=\"font-size: 48px; color: #575757;\">Jag vill veta mer!<\/h2>\n<p>[\/vc_column_text][vc_separator type=&#8221;transparent&#8221; up=&#8221;13&#8243; down=&#8221;12&#8243;][vc_row_inner row_type=&#8221;row&#8221; type=&#8221;full_width&#8221; text_align=&#8221;left&#8221; css_animation=&#8221;&#8221;][vc_column_inner][vc_column_text]Skicka en intresseanm\u00e4lan s\u00e5 kontaktar vi dig och ber\u00e4ttar mer om hur du f\u00e5r med f\u00f6retaget p\u00e5 en riktig rolig h\u00e4lsoresa[\/vc_column_text][\/vc_column_inner][\/vc_row_inner][\/vc_column][vc_column width=&#8221;3\/4&#8243;][vc_column_text]&lt;div class=&#8217;kartra_optin_containere4da3b7fbbce2345d7772b0674a318d5&#8242;&gt;&lt;\/div&gt;&lt;script src=&#8221;https:\/\/app.kartra.com\/optin\/JECjncAPqRZa&#8221;&gt;&lt;\/script&gt;[\/vc_column_text][\/vc_column][\/vc_row][vc_row row_type=&#8221;row&#8221; use_row_as_full_screen_section=&#8221;no&#8221; type=&#8221;full_width&#8221; angled_section=&#8221;no&#8221; text_align=&#8221;left&#8221; background_image_as_pattern=&#8221;without_pattern&#8221; css_animation=&#8221;&#8221;][\/vc_row][vc_column width=&#8221;2\/3&#8243;][\/vc_column]<\/p>\n<\/section>","protected":false},"excerpt":{"rendered":"<p>[vc_row row_type=&#8221;parallax&#8221; header_style=&#8221;light&#8221; parallax_content_width=&#8221;in_grid&#8221; text_align=&#8221;left&#8221; background_image=&#8221;332&#8243; full_screen_section_height=&#8221;yes&#8221; vertically_align_content_in_middle=&#8221;yes&#8221;][vc_column width=&#8221;2\/3&#8243;][vc_column_text] Skurups Sparbank utmnar alla Sveriges Sparbanker att s\u00e4tta fokus p\u00e5 fysisk aktivitet. L\u00e4s mer nedan [\/vc_column_text][\/vc_column][vc_column width=&#8221;1\/3&#8243;][vc_single_image image=&#8221;181&#8243; img_size=&#8221;large&#8221; qode_css_animation=&#8221;&#8221;][\/vc_column][\/vc_row][vc_row row_type=&#8221;row&#8221; use_row_as_full_screen_section=&#8221;no&#8221; type=&#8221;full_width&#8221; angled_section=&#8221;no&#8221; text_align=&#8221;left&#8221; background_image_as_pattern=&#8221;without_pattern&#8221; css_animation=&#8221;&#8221;][vc_column][vc_column_text] [\/vc_column_text][\/vc_column][\/vc_row][vc_row row_type=&#8221;row&#8221; use_row_as_full_screen_section=&#8221;yes&#8221; type=&#8221;grid&#8221; angled_section=&#8221;no&#8221; text_align=&#8221;left&#8221; background_image_as_pattern=&#8221;without_pattern&#8221; background_color=&#8221;#ffffff&#8221; padding_top=&#8221;100&#8243;&#8230;<\/p>\n","protected":false},"author":4,"featured_media":330,"parent":0,"menu_order":0,"comment_status":"closed","ping_status":"closed","template":"full_width.php","meta":{"content-type":"","footnotes":""},"translation":{"provider":"WPGlobus","version":"3.0.2","language":"en","enabled_languages":["sv","en"],"languages":{"sv":{"title":true,"content":true,"excerpt":false},"en":{"title":false,"content":false,"excerpt":false}}},"_links":{"self":[{"href":"https:\/\/actimate.se\/en\/wp-json\/wp\/v2\/pages\/1432"}],"collection":[{"href":"https:\/\/actimate.se\/en\/wp-json\/wp\/v2\/pages"}],"about":[{"href":"https:\/\/actimate.se\/en\/wp-json\/wp\/v2\/types\/page"}],"author":[{"embeddable":true,"href":"https:\/\/actimate.se\/en\/wp-json\/wp\/v2\/users\/4"}],"replies":[{"embeddable":true,"href":"https:\/\/actimate.se\/en\/wp-json\/wp\/v2\/comments?post=1432"}],"version-history":[{"count":18,"href":"https:\/\/actimate.se\/en\/wp-json\/wp\/v2\/pages\/1432\/revisions"}],"predecessor-version":[{"id":1475,"href":"https:\/\/actimate.se\/en\/wp-json\/wp\/v2\/pages\/1432\/revisions\/1475"}],"wp:featuredmedia":[{"embeddable":true,"href":"https:\/\/actimate.se\/en\/wp-json\/wp\/v2\/media\/330"}],"wp:attachment":[{"href":"https:\/\/actimate.se\/en\/wp-json\/wp\/v2\/media?parent=1432"}],"curies":[{"name":"wp","href":"https:\/\/api.w.org\/{rel}","templated":true}]}}