{"id":1638,"date":"2020-06-01T23:42:42","date_gmt":"2020-06-01T21:42:42","guid":{"rendered":"https:\/\/www.actimate.se\/?page_id=1638"},"modified":"2020-06-12T10:19:27","modified_gmt":"2020-06-12T08:19:27","slug":"covid-19-test","status":"publish","type":"page","link":"https:\/\/actimate.se\/en\/covid-19-test\/","title":{"rendered":"Covid-19 test"},"content":{"rendered":"<section class=\"wpb-content-wrapper\"><p>[vc_row row_type=&#8221;parallax&#8221; header_style=&#8221;light&#8221; parallax_content_width=&#8221;in_grid&#8221; text_align=&#8221;left&#8221; background_image=&#8221;332&#8243; full_screen_section_height=&#8221;yes&#8221; vertically_align_content_in_middle=&#8221;yes&#8221;][vc_column width=&#8221;2\/3&#8243;][vc_column_text]<\/p>\n<h2 style=\"font-family: roboto; font-size: 72px; font-weight: 900; color: #fff;\"><span style=\"color: #ffffff;\">Det b\u00e4sta f\u00f6ruts\u00e4ttningar ni kan ge varandra.<\/span><\/h2>\n<h2 style=\"font-family: roboto; font-size: 72px; font-weight: 900; color: #fff;\"><span style=\"color: #16ffff;\">St\u00e4rk teamet!<\/span><\/h2>\n<p>&nbsp;<\/p>\n<h2 style=\"font-family: roboto; font-size: 72px; font-weight: 900; color: #fff;\"><\/h2>\n<p>[\/vc_column_text][\/vc_column][vc_column width=&#8221;1\/3&#8243;][vc_single_image image=&#8221;181&#8243; img_size=&#8221;large&#8221; qode_css_animation=&#8221;&#8221;][\/vc_column][\/vc_row][vc_row row_type=&#8221;row&#8221; use_row_as_full_screen_section=&#8221;no&#8221; type=&#8221;full_width&#8221; angled_section=&#8221;no&#8221; text_align=&#8221;left&#8221; background_image_as_pattern=&#8221;without_pattern&#8221; css_animation=&#8221;&#8221;][vc_column][vc_column_text]<\/p>\n<p>[\/vc_column_text][\/vc_column][\/vc_row][vc_row row_type=&#8221;row&#8221; use_row_as_full_screen_section=&#8221;yes&#8221; type=&#8221;grid&#8221; angled_section=&#8221;no&#8221; text_align=&#8221;left&#8221; background_image_as_pattern=&#8221;without_pattern&#8221; background_color=&#8221;#ffffff&#8221; padding_top=&#8221;100&#8243; css_animation=&#8221;&#8221;][vc_column width=&#8221;2\/3&#8243;][vc_row_inner row_type=&#8221;row&#8221; type=&#8221;full_width&#8221; text_align=&#8221;left&#8221; css_animation=&#8221;&#8221;][vc_column_inner][vc_column_text]<\/p>\n<p>[\/vc_column_text][\/vc_column_inner][\/vc_row_inner][vc_column_text css=&#8221;.vc_custom_1591047717113{margin-bottom: 20px !important;}&#8221;][\/vc_column_text][vc_column_text]<\/p>\n<h2 style=\"font-size: 48px; color: #575757;\"><span style=\"color: #00ccff;\">Erbjudande!<\/span><\/h2>\n<p>&nbsp;<\/p>\n<p><span style=\"font-family: 'Arial Black', 'Avant Garde';\">Boka LifeComps h\u00e4lsoanalyspaket med covid-19 antikroppstest \u2013 och ett deltagande i Actimate under 2020 ing\u00e5r!*<\/span><\/p>\n<p><span style=\"font-family: 'Arial Black', 'Avant Garde';\">Passar alla team och grupper \u00e4ven de som jobbar hemifr\u00e5n<\/span>[\/vc_column_text][vc_separator type=&#8221;transparent&#8221; up=&#8221;13&#8243; down=&#8221;12&#8243;][vc_column_text]<\/p>\n<ul style=\"font-weight: 400;\">\n<li style=\"list-style-type: none;\">\n<ul style=\"font-weight: 400;\">\n<li>H\u00e4lsoanalys med djupenk\u00e4t och en analysrapport som ger ett tydligt underlag f\u00f6r r\u00e4tt beslut om en h\u00e4lsosam livsstil. Just nu ing\u00e5r antikroppstest f\u00f6r covid-19<\/li>\n<li>Fysisk aktivitet \u00e4r en viktig del f\u00f6r de b\u00e4sta f\u00f6ruts\u00e4ttningarna f\u00f6r att f\u00f6rbli frisk samt st\u00e4rka immunf\u00f6rsvaret. Olika livsstilssjukdomar \u00f6kar faran f\u00f6r insjuknande och ett tyngre sjukdomsf\u00f6rlopp.\u00a0Peppa personalen med Actimate aktivitetsutmaning Health Business of the Year (<em>ing\u00e5r utan extra kostnad under 2020)<\/em><\/li>\n<\/ul>\n<\/li>\n<\/ul>\n<ul>\n<li>LifeComp-analysen \u00e4r en \u201cone stop shop\u201d f\u00f6r att st\u00e5 beredd i en v\u00e4rld med covid-19<\/li>\n<li>Tillh\u00f6r du en riskgrupp utan att veta om det eller ligger du n\u00e4ra gr\u00e4nsen?<\/li>\n<\/ul>\n<ul style=\"font-weight: 400;\">\n<li style=\"list-style-type: none;\">\n<ul style=\"font-weight: 400;\">\n<li>L\u00e4karbes\u00f6k beh\u00f6vs ej, LifeComp bes\u00f6ker f\u00f6retaget och jobbar s\u00e4kert och diskret<\/li>\n<\/ul>\n<\/li>\n<\/ul>\n<ul>\n<li>Helt konfidentiellt och fullt avdragsgillt<\/li>\n<li>Ta del av data p\u00e5 gruppniv\u00e5 (ej individ) vilket ger ett bra beslutsunderlag<\/li>\n<li><strong><em>Pris fr\u00e5n 495 kr \/ medarbetare<\/em><\/strong><\/li>\n<\/ul>\n<p>[\/vc_column_text][vc_separator type=&#8221;transparent&#8221; up=&#8221;20&#8243; down=&#8221;20&#8243; el_class=&#8221;show_on_mobile&#8221;][vc_row_inner row_type=&#8221;row&#8221; type=&#8221;full_width&#8221; text_align=&#8221;left&#8221; css_animation=&#8221;&#8221;][vc_column_inner][vc_column_text]<\/p>\n<p>[\/vc_column_text][\/vc_column_inner][\/vc_row_inner][\/vc_column][vc_column width=&#8221;1\/3&#8243;][vc_single_image image=&#8221;1644&#8243; img_size=&#8221;large&#8221; alignment=&#8221;center&#8221; qode_css_animation=&#8221;&#8221;][vc_row_inner row_type=&#8221;row&#8221; type=&#8221;full_width&#8221; text_align=&#8221;left&#8221; css_animation=&#8221;&#8221;][vc_column_inner][\/vc_column_inner][\/vc_row_inner][\/vc_column][\/vc_row][vc_row row_type=&#8221;row&#8221; use_row_as_full_screen_section=&#8221;no&#8221; type=&#8221;full_width&#8221; angled_section=&#8221;no&#8221; text_align=&#8221;left&#8221; background_image_as_pattern=&#8221;without_pattern&#8221; css_animation=&#8221;&#8221;][vc_column][vc_column_text]<\/p>\n<p>[\/vc_column_text][\/vc_column][\/vc_row][vc_row row_type=&#8221;row&#8221; use_row_as_full_screen_section=&#8221;no&#8221; type=&#8221;full_width&#8221; angled_section=&#8221;no&#8221; text_align=&#8221;left&#8221; background_image_as_pattern=&#8221;without_pattern&#8221; css_animation=&#8221;&#8221;][vc_column][vc_column_text]<\/p>\n<p>[\/vc_column_text][\/vc_column][\/vc_row][vc_row row_type=&#8221;row&#8221; use_row_as_full_screen_section=&#8221;yes&#8221; type=&#8221;grid&#8221; angled_section=&#8221;no&#8221; text_align=&#8221;left&#8221; background_image_as_pattern=&#8221;without_pattern&#8221; background_color=&#8221;#ffffff&#8221; padding_top=&#8221;100&#8243; css_animation=&#8221;&#8221;][vc_column width=&#8221;2\/3&#8243;][vc_row_inner row_type=&#8221;row&#8221; type=&#8221;full_width&#8221; text_align=&#8221;left&#8221; css_animation=&#8221;&#8221;][vc_column_inner][vc_column_text]<\/p>\n<p>[\/vc_column_text][\/vc_column_inner][\/vc_row_inner][vc_column_text]<\/p>\n<h2 style=\"font-size: 48px; color: #575757;\">H\u00e4lsa i\u00a0<span style=\"color: #0ad2f4;\">fokus!<\/span><\/h2>\n<p>[\/vc_column_text][vc_separator type=&#8221;transparent&#8221; up=&#8221;13&#8243; down=&#8221;12&#8243;][vc_column_text]<strong>LifeComp-analysen\u2122<\/strong>\u00a0\u00a0ger f\u00f6retagets medarbetare verktygen till ett friskare liv genom att uppt\u00e4cka h\u00e4lsoproblem i tid och sedan motivera till goda livsstilsf\u00f6r\u00e4ndringar, med stora m\u00f6jligheter till vinster \u2013 b\u00e5de f\u00f6r individen, f\u00f6retaget och hela samh\u00e4llet.<u><\/u><u><\/u><\/p>\n<p>&nbsp;<\/p>\n<p><strong>Actimate<\/strong>\u00a0\u00e4r ett inspirerande verktyg f\u00f6r att h\u00e5lla fokus p\u00e5 fysisk aktivitet. Anta utmaningen och ta hem titeln som Health Business of the Year 2020! Anv\u00e4nd Actimate-appen f\u00f6r att utmana, engagera och motivera.[\/vc_column_text][vc_separator type=&#8221;transparent&#8221; up=&#8221;20&#8243; down=&#8221;20&#8243; el_class=&#8221;show_on_mobile&#8221;][vc_row_inner row_type=&#8221;row&#8221; type=&#8221;full_width&#8221; text_align=&#8221;left&#8221; css_animation=&#8221;&#8221;][vc_column_inner][vc_column_text]<\/p>\n<p>[\/vc_column_text][\/vc_column_inner][\/vc_row_inner][\/vc_column][vc_column width=&#8221;1\/3&#8243;][vc_single_image image=&#8221;524&#8243; img_size=&#8221;large&#8221; alignment=&#8221;center&#8221; qode_css_animation=&#8221;&#8221;][vc_row_inner row_type=&#8221;row&#8221; type=&#8221;full_width&#8221; text_align=&#8221;left&#8221; css_animation=&#8221;&#8221;][vc_column_inner][\/vc_column_inner][\/vc_row_inner][\/vc_column][\/vc_row][vc_row row_type=&#8221;row&#8221; use_row_as_full_screen_section=&#8221;no&#8221; type=&#8221;full_width&#8221; angled_section=&#8221;no&#8221; text_align=&#8221;left&#8221; background_image_as_pattern=&#8221;without_pattern&#8221; css_animation=&#8221;&#8221;][vc_column][vc_column_text]<\/p>\n<p>[\/vc_column_text][\/vc_column][\/vc_row][vc_row row_type=&#8221;row&#8221; use_row_as_full_screen_section=&#8221;no&#8221; type=&#8221;full_width&#8221; angled_section=&#8221;no&#8221; text_align=&#8221;left&#8221; background_image_as_pattern=&#8221;without_pattern&#8221; css_animation=&#8221;&#8221;][vc_column][vc_column_text]<\/p>\n<p>[\/vc_column_text][\/vc_column][\/vc_row][vc_row row_type=&#8221;row&#8221; use_row_as_full_screen_section=&#8221;yes&#8221; type=&#8221;grid&#8221; angled_section=&#8221;no&#8221; text_align=&#8221;left&#8221; background_image_as_pattern=&#8221;without_pattern&#8221; background_color=&#8221;#f1f1f1&#8243; padding_top=&#8221;100&#8243; padding_bottom=&#8221;100&#8243; css_animation=&#8221;&#8221;][vc_column width=&#8221;1\/4&#8243;][vc_column_text]<\/p>\n<h2 style=\"font-size: 48px; color: #575757;\">Jag vill veta mer!<\/h2>\n<p>[\/vc_column_text][vc_separator type=&#8221;transparent&#8221; up=&#8221;13&#8243; down=&#8221;12&#8243;][vc_row_inner row_type=&#8221;row&#8221; type=&#8221;full_width&#8221; text_align=&#8221;left&#8221; css_animation=&#8221;&#8221;][vc_column_inner][vc_column_text]Skicka en intresseanm\u00e4lan s\u00e5 kontaktar vi dig och ber\u00e4ttar mer.[\/vc_column_text][\/vc_column_inner][\/vc_row_inner][\/vc_column][vc_column width=&#8221;3\/4&#8243;][vc_column_text]<script charset=\"utf-8\" type=\"text\/javascript\" src=\"\/\/js.hsforms.net\/forms\/shell.js\"><\/script><br \/>\n<script>\n  hbspt.forms.create({\n\tportalId: \"2610292\",\n\tformId: \"250d8ba8-0965-478b-a162-66a710fe620e\"\n});\n<\/script>[\/vc_column_text][\/vc_column][\/vc_row][vc_row row_type=&#8221;row&#8221; use_row_as_full_screen_section=&#8221;no&#8221; type=&#8221;full_width&#8221; angled_section=&#8221;no&#8221; text_align=&#8221;left&#8221; background_image_as_pattern=&#8221;without_pattern&#8221; css_animation=&#8221;&#8221;][\/vc_row][vc_column width=&#8221;2\/3&#8243;][\/vc_column]<\/p>\n<\/section>","protected":false},"excerpt":{"rendered":"<p>[vc_row row_type=&#8221;parallax&#8221; header_style=&#8221;light&#8221; parallax_content_width=&#8221;in_grid&#8221; text_align=&#8221;left&#8221; background_image=&#8221;332&#8243; full_screen_section_height=&#8221;yes&#8221; vertically_align_content_in_middle=&#8221;yes&#8221;][vc_column width=&#8221;2\/3&#8243;][vc_column_text] Det b\u00e4sta f\u00f6ruts\u00e4ttningar ni kan ge varandra. St\u00e4rk teamet! &nbsp; [\/vc_column_text][\/vc_column][vc_column width=&#8221;1\/3&#8243;][vc_single_image image=&#8221;181&#8243; img_size=&#8221;large&#8221; qode_css_animation=&#8221;&#8221;][\/vc_column][\/vc_row][vc_row row_type=&#8221;row&#8221; use_row_as_full_screen_section=&#8221;no&#8221; type=&#8221;full_width&#8221; angled_section=&#8221;no&#8221; text_align=&#8221;left&#8221; background_image_as_pattern=&#8221;without_pattern&#8221; css_animation=&#8221;&#8221;][vc_column][vc_column_text] [\/vc_column_text][\/vc_column][\/vc_row][vc_row row_type=&#8221;row&#8221; use_row_as_full_screen_section=&#8221;yes&#8221; type=&#8221;grid&#8221; angled_section=&#8221;no&#8221; text_align=&#8221;left&#8221; background_image_as_pattern=&#8221;without_pattern&#8221; background_color=&#8221;#ffffff&#8221; padding_top=&#8221;100&#8243; css_animation=&#8221;&#8221;][vc_column width=&#8221;2\/3&#8243;][vc_row_inner row_type=&#8221;row&#8221; type=&#8221;full_width&#8221; text_align=&#8221;left&#8221;&#8230;<\/p>\n","protected":false},"author":4,"featured_media":330,"parent":0,"menu_order":0,"comment_status":"closed","ping_status":"closed","template":"full_width.php","meta":{"content-type":"","footnotes":""},"translation":{"provider":"WPGlobus","version":"3.0.2","language":"en","enabled_languages":["sv","en"],"languages":{"sv":{"title":true,"content":true,"excerpt":false},"en":{"title":false,"content":false,"excerpt":false}}},"_links":{"self":[{"href":"https:\/\/actimate.se\/en\/wp-json\/wp\/v2\/pages\/1638"}],"collection":[{"href":"https:\/\/actimate.se\/en\/wp-json\/wp\/v2\/pages"}],"about":[{"href":"https:\/\/actimate.se\/en\/wp-json\/wp\/v2\/types\/page"}],"author":[{"embeddable":true,"href":"https:\/\/actimate.se\/en\/wp-json\/wp\/v2\/users\/4"}],"replies":[{"embeddable":true,"href":"https:\/\/actimate.se\/en\/wp-json\/wp\/v2\/comments?post=1638"}],"version-history":[{"count":9,"href":"https:\/\/actimate.se\/en\/wp-json\/wp\/v2\/pages\/1638\/revisions"}],"predecessor-version":[{"id":1944,"href":"https:\/\/actimate.se\/en\/wp-json\/wp\/v2\/pages\/1638\/revisions\/1944"}],"wp:featuredmedia":[{"embeddable":true,"href":"https:\/\/actimate.se\/en\/wp-json\/wp\/v2\/media\/330"}],"wp:attachment":[{"href":"https:\/\/actimate.se\/en\/wp-json\/wp\/v2\/media?parent=1638"}],"curies":[{"name":"wp","href":"https:\/\/api.w.org\/{rel}","templated":true}]}}