{"id":2162,"date":"2022-02-02T17:11:58","date_gmt":"2022-02-02T16:11:58","guid":{"rendered":"https:\/\/www.actimate.se\/?page_id=2162"},"modified":"2022-02-02T17:14:41","modified_gmt":"2022-02-02T16:14:41","slug":"faq-lifecomp","status":"publish","type":"page","link":"https:\/\/actimate.se\/en\/faq-lifecomp\/","title":{"rendered":"faq-lifecomp"},"content":{"rendered":"<section class=\"wpb-content-wrapper\"><p>[vc_row row_type=&#8221;row&#8221; use_row_as_full_screen_section=&#8221;no&#8221; type=&#8221;grid&#8221; angled_section=&#8221;no&#8221; text_align=&#8221;left&#8221; background_image_as_pattern=&#8221;without_pattern&#8221; padding_top=&#8221;30&#8243; css_animation=&#8221;&#8221;][vc_column][vc_column_text]<\/p>\n<h1>FAQ &#8211; LifeComp H\u00e4lsoanalys Digital<\/h1>\n<p>[\/vc_column_text][vc_separator type=&#8221;normal&#8221; color=&#8221;#0a0a0a&#8221;][\/vc_column][\/vc_row][vc_row row_type=&#8221;row&#8221; use_row_as_full_screen_section=&#8221;no&#8221; type=&#8221;grid&#8221; angled_section=&#8221;no&#8221; text_align=&#8221;left&#8221; background_image_as_pattern=&#8221;without_pattern&#8221; css_animation=&#8221;&#8221;][vc_column]<h3 id=\"faq-lifecomp\" class=\"arconix-faq-term-title arconix-faq-term-lifecomp\">LifeComp H\u00e4lsoanalys Digital<\/h3><div id=\"faq-2153\" class=\"arconix-faq-wrap\"><div id=\"faq-VadrLifeCompochHlsoanalysDigital\" class=\"arconix-faq-title faq-closed\">Vad \u00e4r LifeComp och H\u00e4lsoanalys Digital?<\/div><div class=\"arconix-faq-content faq-closed\"><p>Actimate har under 2022 utvecklat tj\u00e4nsten till att inkludera digital h\u00e4lsoanalys utan extra kostnad.\u00a0Tanken \u00e4r att du, om du vill, kan g\u00f6ra en digital h\u00e4lsoanalys innan eller i b\u00f6rjan p\u00e5 aktivitetsperioden, och sedan en g\u00e5ng till efter tre m\u00e5nader. Detta f\u00f6r att ge dig en bra nul\u00e4gesbild och motivation kring din h\u00e4lsa inf\u00f6r aktivitetsperioden, och sedan i den uppf\u00f6ljande m\u00e4tningen se de h\u00e4lsof\u00f6rb\u00e4ttringar som i regel har skett. Analysen kommer fr\u00e5n det ledande bolaget inom algoritm-baserad h\u00e4lsoanalys &#8211; LifeComp.<\/p>\n<p>&nbsp;<\/p>\n<p><img decoding=\"async\" loading=\"lazy\" class=\"aligncenter wp-image-2169\" src=\"https:\/\/www.actimate.se\/wp-content\/uploads\/LifeComp-Report-300x300.jpg\" alt=\"\" width=\"300\" height=\"300\" srcset=\"https:\/\/actimate.se\/wp-content\/uploads\/LifeComp-Report-300x300.jpg 300w, https:\/\/actimate.se\/wp-content\/uploads\/LifeComp-Report-150x150.jpg 150w, https:\/\/actimate.se\/wp-content\/uploads\/LifeComp-Report-768x768.jpg 768w, https:\/\/actimate.se\/wp-content\/uploads\/LifeComp-Report-1024x1024.jpg 1024w, https:\/\/actimate.se\/wp-content\/uploads\/LifeComp-Report-570x570.jpg 570w, https:\/\/actimate.se\/wp-content\/uploads\/LifeComp-Report-500x500.jpg 500w, https:\/\/actimate.se\/wp-content\/uploads\/LifeComp-Report-1000x1000.jpg 1000w, https:\/\/actimate.se\/wp-content\/uploads\/LifeComp-Report-700x700.jpg 700w, https:\/\/actimate.se\/wp-content\/uploads\/LifeComp-Report.jpg 1166w\" sizes=\"(max-width: 300px) 100vw, 300px\" \/><\/p>\n<p>&nbsp;<\/p>\n<ul>\n<li>Den analys som ing\u00e5r hos Actimate \u00e4r LifeComps produkt H\u00e4lsoanalys Digital. Den kostar normalt 495 kronor per analys, men ing\u00e5r helt kostnadsfritt hos Actimate.<\/li>\n<li>H\u00e4lsoanalys Digital \u00e4r en avancerad databaserad tj\u00e4nst som bygger p\u00e5 bland annat onlinebaserade djupenk\u00e4ter och funktionstest. Testet har full integritet och s\u00e4kerhet med BankID etc. Du g\u00f6r allt hemma i lugn och ro p\u00e5 din dator eller p\u00e5 din mobil. Det tar ca 30-60 minuter totalt och \u00e4r superenkelt.<\/li>\n<li>Analysen baseras p\u00e5 ca 200 noggrant utvalda enk\u00e4tfr\u00e5gor och 2 stycken funktionstest (r\u00f6relsef\u00f6rm\u00e5ga samt h\u00f6rseltest). Din h\u00e4lsa analyseras utifr\u00e5n nedan 4 omr\u00e5den med i sin tur n\u00e4rmare 50 underomr\u00e5den.\n<ul>\n<li><span style=\"font-size: 10pt;\">Fysisk h\u00e4lsa<\/span><\/li>\n<li><span style=\"font-size: 10pt;\">Psykisk h\u00e4lsa<\/span><\/li>\n<li><span style=\"font-size: 10pt;\">Levnadsvanor<\/span><\/li>\n<li><span style=\"font-size: 10pt;\">Milj\u00f6<\/span><\/li>\n<\/ul>\n<\/li>\n<li>D\u00e4refter redovisas resultaten och vad du fr\u00e4mst b\u00f6r ha koll p\u00e5 i en rapport som \u00e4r l\u00e4tt att f\u00f6rst\u00e5.<\/li>\n<\/ul>\n<p>&nbsp;<\/p>\n<p><em>OBS!<\/em><br \/>\nVare sig Actimate eller arbetsgivare f\u00e5r ta del av din individuella analys. Varken den information du l\u00e4mnar eller den som finns i din analysrapport. Det \u00e4r strikt konfidentiellt mellan LifeComp och dig.<\/p>\n<p><img decoding=\"async\" loading=\"lazy\" class=\"aligncenter wp-image-2175 size-medium\" src=\"https:\/\/www.actimate.se\/wp-content\/uploads\/LifeComp_logo-300x105.png\" alt=\"\" width=\"300\" height=\"105\" srcset=\"https:\/\/actimate.se\/wp-content\/uploads\/LifeComp_logo-300x105.png 300w, https:\/\/actimate.se\/wp-content\/uploads\/LifeComp_logo-768x269.png 768w, https:\/\/actimate.se\/wp-content\/uploads\/LifeComp_logo-1024x359.png 1024w, https:\/\/actimate.se\/wp-content\/uploads\/LifeComp_logo-700x245.png 700w, https:\/\/actimate.se\/wp-content\/uploads\/LifeComp_logo.png 1486w\" sizes=\"(max-width: 300px) 100vw, 300px\" \/><\/p>\n<p style=\"text-align: center;\"><span style=\"font-size: 10pt;\"><em>Du kan l\u00e4sa mer om analysen och LifeComp p\u00e5:<br \/>\n<strong><a href=\"https:\/\/www.lifecomp.se\/\">www.lifecomp.se<\/a><\/strong><\/em><\/span><\/p>\n<\/div><\/div>[\/vc_column][\/vc_row][vc_row row_type=&#8221;row&#8221; use_row_as_full_screen_section=&#8221;no&#8221; type=&#8221;full_width&#8221; angled_section=&#8221;no&#8221; text_align=&#8221;left&#8221; background_image_as_pattern=&#8221;without_pattern&#8221; css_animation=&#8221;&#8221;][vc_column][vc_empty_space height=&#8221;75px&#8221;][\/vc_column][\/vc_row]<\/p>\n<\/section>","protected":false},"excerpt":{"rendered":"<p>[vc_row row_type=&#8221;row&#8221; use_row_as_full_screen_section=&#8221;no&#8221; type=&#8221;grid&#8221; angled_section=&#8221;no&#8221; text_align=&#8221;left&#8221; background_image_as_pattern=&#8221;without_pattern&#8221; padding_top=&#8221;30&#8243; css_animation=&#8221;&#8221;][vc_column][vc_column_text] FAQ &#8211; LifeComp H\u00e4lsoanalys Digital [\/vc_column_text][vc_separator type=&#8221;normal&#8221; color=&#8221;#0a0a0a&#8221;][\/vc_column][\/vc_row][vc_row row_type=&#8221;row&#8221; use_row_as_full_screen_section=&#8221;no&#8221; type=&#8221;grid&#8221; angled_section=&#8221;no&#8221; text_align=&#8221;left&#8221; background_image_as_pattern=&#8221;without_pattern&#8221; css_animation=&#8221;&#8221;][vc_column][\/vc_column][\/vc_row][vc_row row_type=&#8221;row&#8221; use_row_as_full_screen_section=&#8221;no&#8221; type=&#8221;full_width&#8221; angled_section=&#8221;no&#8221; text_align=&#8221;left&#8221; background_image_as_pattern=&#8221;without_pattern&#8221; css_animation=&#8221;&#8221;][vc_column][vc_empty_space height=&#8221;75px&#8221;][\/vc_column][\/vc_row]<\/p>\n","protected":false},"author":37,"featured_media":0,"parent":0,"menu_order":0,"comment_status":"closed","ping_status":"closed","template":"","meta":{"content-type":"","footnotes":""},"translation":{"provider":"WPGlobus","version":"3.0.2","language":"en","enabled_languages":["sv","en"],"languages":{"sv":{"title":true,"content":true,"excerpt":false},"en":{"title":false,"content":false,"excerpt":false}}},"_links":{"self":[{"href":"https:\/\/actimate.se\/en\/wp-json\/wp\/v2\/pages\/2162"}],"collection":[{"href":"https:\/\/actimate.se\/en\/wp-json\/wp\/v2\/pages"}],"about":[{"href":"https:\/\/actimate.se\/en\/wp-json\/wp\/v2\/types\/page"}],"author":[{"embeddable":true,"href":"https:\/\/actimate.se\/en\/wp-json\/wp\/v2\/users\/37"}],"replies":[{"embeddable":true,"href":"https:\/\/actimate.se\/en\/wp-json\/wp\/v2\/comments?post=2162"}],"version-history":[{"count":2,"href":"https:\/\/actimate.se\/en\/wp-json\/wp\/v2\/pages\/2162\/revisions"}],"predecessor-version":[{"id":2164,"href":"https:\/\/actimate.se\/en\/wp-json\/wp\/v2\/pages\/2162\/revisions\/2164"}],"wp:attachment":[{"href":"https:\/\/actimate.se\/en\/wp-json\/wp\/v2\/media?parent=2162"}],"curies":[{"name":"wp","href":"https:\/\/api.w.org\/{rel}","templated":true}]}}