{"id":289,"date":"2017-03-14T11:56:39","date_gmt":"2017-03-14T10:56:39","guid":{"rendered":"http:\/\/www.actimate.se\/?page_id=289"},"modified":"2018-05-22T21:35:38","modified_gmt":"2018-05-22T19:35:38","slug":"policy","status":"publish","type":"page","link":"https:\/\/actimate.se\/en\/policy\/","title":{"rendered":"Policy"},"content":{"rendered":"<section class=\"wpb-content-wrapper\"><p>[vc_row row_type=&#8221;row&#8221; use_row_as_full_screen_section=&#8221;no&#8221; type=&#8221;full_width&#8221; angled_section=&#8221;no&#8221; text_align=&#8221;left&#8221; background_image_as_pattern=&#8221;without_pattern&#8221; css_animation=&#8221;&#8221;][vc_column][vc_column_text]<\/p>\n<p class=\"p1\"><span class=\"s1\"><b>ALLM\u00c4NNA VILLKOR F\u00d6R ACTIMATE AB<\/b><\/span><\/p>\n<ol class=\"ol1\">\n<li class=\"li1\"><b><\/b><span class=\"s1\"><b>Din personliga data<\/b><\/span><\/li>\n<\/ol>\n<p class=\"p3\"><span class=\"s1\">F\u00f6r att kunna vara med i t\u00e4vlingen beh\u00f6ver vi tillg\u00e5ng till din aktivitetsdata i Google fit eller Apple Health och vi beh\u00f6ver framf\u00f6rallt ditt samtycke f\u00f6r att f\u00e5 tillg\u00e5ng till datan. Actimate AB, 559083-0435, samlar in din aktivitetsdata och Actimate AB \u00e4r personuppgiftsansvarig f\u00f6r behandlingen av datan. Du kan n\u00e4r som helst ta tillbaka ditt samtycke. Du kommer inte kunna vara med i t\u00e4vlingen om du tar tillbaka ditt samtycke. Datan lagrar vi hos Microsoft Azure vilka uppfyller EU:s krav p\u00e5 behandling av personuppgifter. <b>Genom att klicka OK i appen godk\u00e4nner du och samtycker till att vi f\u00e5r hantera in din personliga data.<br \/>\n<\/b><\/span><\/p>\n<p class=\"p1\"><span class=\"s1\">Samtycket \u00e4r giltigt s\u00e5 l\u00e4nge du anv\u00e4nder appen. Vi sparar din data tills vi utsett det vinnande teamet i t\u00e4vlingen. Vi kommer att radera all data senast en m\u00e5nad efter det att vi haft prisutdelning i den \u00e5rliga t\u00e4vlingen Health Business of the Year. <\/span><\/p>\n<p class=\"p1\"><span class=\"s1\">Om du vill ta tillbaka ditt samtycke och sluta anv\u00e4nda appen kontaktar du oss via e-post: <b>support@actimate.se.<\/b> Observera att ett \u00e5terkallande av ditt samtycke inte p\u00e5verkar lagligheten av behandlingen innan samtycket \u00e5terkallades. Du har \u00e4ven r\u00e4tt att kontakta oss f\u00f6r att f\u00e5 information om vilka uppgifter som behandlas om dig och f\u00f6r att beg\u00e4ra r\u00e4ttelse, \u00f6verf\u00f6ring, radering eller begr\u00e4nsning av dina personuppgifter. <\/span><\/p>\n<p class=\"p1\"><span class=\"s1\">Om du tycker vi behandlar dina personuppgifter p\u00e5 ett felaktigt har du r\u00e4tt att ge in klagom\u00e5l till Datainspektionen. <\/span><\/p>\n<p class=\"p1\"><span class=\"s1\">Om Microsoft Azure slutar uppfylla EU:s krav p\u00e5 s\u00e4kerhet och skydd kring dina personuppgifter har vi r\u00e4tt och \u00e4r skyldiga att byta leverant\u00f6r s\u00e5 att dina uppgifter fortsatt kan vara s\u00e4kra. <\/span><\/p>\n<p class=\"p1\"><span class=\"s1\">Din data anv\u00e4nder vi f\u00f6r att ditt team ska samla po\u00e4ng och f\u00f6r att ditt team ska vara med i t\u00e4vlingen. Andra team kan inte se dina po\u00e4ng. Dina lagkamrater kan se din aktivitet och antal po\u00e4ng. Du kan sj\u00e4lv \u00e4ndra om du inte vill att dina lagkamrater ska se dina po\u00e4ng. Din lagledare och den hos din arbetsgivare som f\u00e5tt administrat\u00f6rsinloggning kan se dina po\u00e4ng, din e-post och om du varit inloggad. <\/span><\/p>\n<p class=\"p1\"><span class=\"s1\">Vi kommer inte att s\u00e4lja din data. <\/span><\/p>\n<ol class=\"ol1\">\n<li class=\"li1\"><b><\/b><span class=\"s1\"><b>Anv\u00e4ndande av appen<\/b><\/span><\/li>\n<\/ol>\n<p class=\"p1\"><span class=\"s1\">Appen fungerar b\u00e5de med Android och iOS. Du ansvarar f\u00f6r din telefon och att den \u00e4r uppdaterad med den programvara som kr\u00e4vs f\u00f6r att kunna anv\u00e4nda appen. <\/span><\/p>\n<p class=\"p1\"><span class=\"s1\">Du ansvarar f\u00f6r de uppgifter du l\u00e4mnar och att dessa \u00e4r sanningsenliga och korrekta. Vi premierar all r\u00f6relse. Det spelar ingen roll vilken slags fysisk aktivitet du ut\u00f6var. Det viktiga \u00e4r att du r\u00f6r p\u00e5 dig. En minuts aktivitet ger en po\u00e4ng.<span class=\"Apple-converted-space\">\u00a0 <\/span>En timmes promenad ger lika m\u00e5nga po\u00e4ng som en timmes l\u00f6pning. Actimate \u00e4r en h\u00e4lsoutmaning. I grunden \u00e4r alla som r\u00f6r p\u00e5 sig en vinnare. Fuska inte. N\u00e4r du r\u00f6r p\u00e5 dig samlar du po\u00e4ng. Att st\u00e5 upp vid ett kontorsbord ger d\u00e4remot inga po\u00e4ng. Men var f\u00f6rsiktig, skadar du dig i din iver att samla po\u00e4ng \u00e4r det inte v\u00e5rt ansvar. Om du fuskar eller anv\u00e4nder appen i strid med dessa villkor har vi r\u00e4tt att avsluta ditt konto.\u00a0<\/span><\/p>\n<table class=\"t1\" cellspacing=\"0\" cellpadding=\"0\">\n<tbody>\n<tr>\n<td class=\"td1\" valign=\"top\">\n<p class=\"p1\"><span class=\"s1\"><b>Hur funkar det?<\/b><\/span><\/p>\n<p class=\"p1\"><span class=\"s1\">Utmaningen p\u00e5g\u00e5r under \u00e5tta veckor. Du anv\u00e4nder Actimate-appen i din smartphone f\u00f6r att vara med i utmaningen. Appen ger dig \u00e4ven m\u00f6jlighet att se hur mycket du har r\u00f6rt dig, din po\u00e4ngst\u00e4llning och hur ni ligger till i t\u00e4vlingen mot andra f\u00f6retag. Dina och dina lagkamraters po\u00e4ng r\u00e4knas ihop och divideras med det antal personer ni \u00e4r. Summan blir f\u00f6retagets totala po\u00e4ng. Tillsammans utmanar ni andra f\u00f6retag om titeln Health Business of the Year! <\/span><\/p>\n<\/td>\n<\/tr>\n<tr>\n<td class=\"td2\" valign=\"top\">\n<p class=\"p1\"><span class=\"s1\"><b>R\u00f6relse l\u00f6nar sig p\u00e5 mer \u00e4n ett s\u00e4tt<\/b><\/span><\/p>\n<p class=\"p1\"><span class=\"s1\">Som en extra morot kan du, baserat p\u00e5 hur m\u00e5nga po\u00e4ng du samlat ihop, f\u00e5 erbjudanden och rabatter fr\u00e5n tredjepartsf\u00f6retag. Du hittar dem under moroten uppe till h\u00f6ger i Actimate-appen. <\/span><\/p>\n<\/td>\n<\/tr>\n<\/tbody>\n<\/table>\n<ol class=\"ol1\">\n<li class=\"li1\"><span class=\"s1\"><b>Uppdateringar<\/b><\/span><\/li>\n<\/ol>\n<p class=\"p1\"><span class=\"s1\">Vi str\u00e4var hela tiden efter att f\u00f6rb\u00e4ttra appen och f\u00f6rs\u00f6ker g\u00f6ra uppdateringar utan att det begr\u00e4nsar ditt anv\u00e4ndande. Ibland kan det \u00e4nd\u00e5 h\u00e4nda att appen ligger nere f\u00f6r en uppdatering eller f\u00f6r\u00e4ndring. Om det skulle h\u00e4nda ber vi om urs\u00e4kt men f\u00f6rbeh\u00e5ller oss \u00e4nd\u00e5 r\u00e4tten att n\u00e4r som helst och utan ansvar eller ers\u00e4ttningsskyldighet, uppdatera och f\u00f6r\u00e4ndra appen inbegripet att tillf\u00e4lligt eller permanent begr\u00e4nsa eller st\u00e4nga ner appen. <\/span><\/p>\n<ol class=\"ol1\">\n<li class=\"li1\"><b><\/b><span class=\"s1\"><b>Immateriella r\u00e4ttigheter<\/b><\/span><\/li>\n<\/ol>\n<p class=\"p1\"><span class=\"s1\">Inneh\u00e5llet i appen, s\u00e5som text, varum\u00e4rken, grafik, logotyper, knappikoner, bilder samt sammanst\u00e4llningar av dessa, all programvara som anv\u00e4nds i appen, tillh\u00f6r Actimate, Actimates licensgivare eller leverant\u00f6rer (&#8220;Immateriella R\u00e4ttigheter&#8221;). <\/span><\/p>\n<p class=\"p1\"><span class=\"s1\">Du f\u00e5r inte f\u00f6rs\u00f6ka kopieria, dekompilera, dekonstruera, disassemblera, h\u00e4rleda koden, avkryptera, modifiera eller skapa h\u00e4rledda produkter baserade p\u00e5 programvaran i appen. <\/span><\/p>\n<p class=\"p1\"><span class=\"s1\">Eventuell programvara fr\u00e5n tredje part som ing\u00e5r i appen licensieras till dig i enlighet med respektive tredje parts licensvillkor f\u00f6r s\u00e5dan programvara. Du \u00e4r skyldig att iaktta och f\u00f6lja villkoren f\u00f6r anv\u00e4ndning av s\u00e5dan tredje parts programvara vid anv\u00e4ndning av appen. <\/span><\/p>\n<ol class=\"ol1\">\n<li class=\"li1\"><span class=\"s1\"><b>\u00d6vrigt<\/b><\/span><\/li>\n<\/ol>\n<p class=\"p1\"><span class=\"s1\">Actimate har r\u00e4tt att helt eller delvis \u00f6verl\u00e5ta sina r\u00e4ttigheter och skyldigheter enligt dessa allm\u00e4nna villkor. <\/span><\/p>\n<p class=\"p1\"><span class=\"s1\">KONTAKTUPPGIFTER<\/span><\/p>\n<p class=\"p1\"><span class=\"s1\">Actimate AB<\/span><\/p>\n<p class=\"p1\"><span class=\"s1\">Magle stora Kyrkogata 7<\/span><\/p>\n<p class=\"p1\"><span class=\"s1\">223 53 Lund<\/span><\/p>\n<p class=\"p1\"><span class=\"s1\">Sverige<\/span><\/p>\n<p class=\"p4\"><span class=\"s2\"><a href=\"mailto:support@actimate.se\">support@actimate.se<\/a><\/span><\/p>\n<p class=\"p1\"><span class=\"s1\">+46 (0)706632420<\/span><\/p>\n<p class=\"p6\"><span class=\"s3\">EN.<br \/>\n<\/span><span class=\"s1\">The English text below is an uncertified translation and in the event of any inconsistency between the English text and the Swedish text, the Swedish text shall prevail.<br \/>\n<\/span><\/p>\n<p class=\"p1\"><span class=\"s1\"><b>General terms and conditions for ACTIMATE AB<br \/>\n<\/b><\/span><\/p>\n<ol class=\"ol1\">\n<li class=\"li1\"><b><\/b><span class=\"s1\"><b>Your personal data <\/b><\/span><\/li>\n<\/ol>\n<p class=\"p3\"><span class=\"s1\">In order to be able to join the competition, we need access to your activity data in Google fit or Apple Health, and above all, we need your consent to access the data. Actimate AB, 559083-0435, collects your activity data and Actimate AB is responsible for the processing of the data. You may withdraw your consent at any time. You will not be able to be in the contest if you withdraw your consent. We store the data with Microsoft Azure which meets EU requirements for processing personal data. By clicking OK in the app, you acknowledge and agree that we may process your personal data.<\/span><span class=\"s3\"><br \/>\n<\/span><\/p>\n<p class=\"p1\"><span class=\"s1\">Consent is valid for as long as you use the app. We save your data until we have designated the winning team in the competition. We will delete all data no later than one month after we have received the award in the annual Health Business of the Year event. <\/span><\/p>\n<p class=\"p1\"><span class=\"s1\">If you wish to withdraw your consent and stop using the app, please contact us by email: <b>support@actimate.se<\/b>. Please note that a withdrawal of your consent does not affect the lawfulness of the treatment before the consent was revoked. You also have the right to contact us to obtain information about the data processed about you and to request the rectification, transfer, deletion or limitation of your personal information. <\/span><\/p>\n<p class=\"p1\"><span class=\"s1\">If you think we treat your personal information incorrectly, you have the right to submit a complaint to the Data protection Authority. <\/span><\/p>\n<p class=\"p1\"><span class=\"s1\">If Microsoft Azure stops meeting the EU&#8217;s security and protection requirements regarding your personal data, we are entitled and obligated to change your provider so that your data remains secure. <\/span><\/p>\n<p class=\"p1\"><span class=\"s1\">We use your data for your team to accumulate points and for your team to be in the competition. Other teams cannot see your points. Your teammates can see your activity and number of points. You can change if you don&#8217;t want your teammates to see your points. Your team manager and those of your employer who have received an administrator login can see your points, your email and if you&#8217;ve been logged in. <\/span><\/p>\n<p class=\"p1\"><span class=\"s1\">We will not sell your data.<\/span><\/p>\n<ol class=\"ol1\">\n<li class=\"li1\"><span class=\"s1\"><b>Using the App<\/b><br \/>\n<\/span><\/li>\n<\/ol>\n<p class=\"p1\"><span class=\"s1\">The app works on both Android and IOS. You are responsible for your phone and that it is up to date with the software required to use the app. <\/span><\/p>\n<p class=\"p1\"><span class=\"s1\">You are responsible for the information you provide and that these are truthful and accurate. We reward all movement. It does not matter what kind of physical activity you are exercising. The important thing is that you move. One-minute activity gives one point.<span class=\"Apple-converted-space\">\u00a0 <\/span>An hour&#8217;s walk gives as many points as an hour&#8217;s race. Actimate is a health challenge. Basically, everyone is moving a winner. Do not cheat. When you move, you accumulate points. However, standing up at an office table does not give any points. But be careful, you hurt yourself in your eagerness to accumulate points, it is not our responsibility. If you cheat or use the app in violation of these terms, we may terminate your account.\u00a0<\/span><\/p>\n<p class=\"p1\"><span class=\"s1\"><b>How does it work?<\/b><\/span><\/p>\n<p class=\"p1\"><span class=\"s1\">The challenge lasts for eight weeks. You use the Actimate app on your smartphone to be in the challenge. The app also gives you the opportunity to see how much you have moved, your score and how you are in the competition against other companies. You and your teammates &#8216; points are counted together and divided by the number of people you are. The sum will be the company&#8217;s total score. Together you challenge other companies about the title of Health Business of the Year! <\/span><\/p>\n<p class=\"p1\"><span class=\"s1\"><b>Movement pays off in more than one way.<\/b><br \/>\nAs an extra carrot, you can, based on how many points you&#8217;ve collected, get offers and discounts from third parties. You can find them under the carrot in the top right corner of the Actimate app.<\/span><\/p>\n<ol class=\"ol1\">\n<li class=\"li1\"><span class=\"s1\"><b>Updates<\/b><br \/>\n<\/span><\/li>\n<\/ol>\n<p class=\"p1\"><span class=\"s1\">We constantly strive to improve the app and try to make updates without restricting your usage. Sometimes, the app might still be down for an update or change. If this happens, we apologize but reserve the right, at any time and without liability or indemnity, to update and modify the app, including temporarily or permanently limiting or closing the app. <\/span><\/p>\n<ol class=\"ol1\">\n<li class=\"li1\"><b><\/b><span class=\"s1\"><b>Intellectual property rights <\/b><\/span><\/li>\n<\/ol>\n<p class=\"p1\"><span class=\"s1\">The content of the app, such as text, trademarks, graphics, logos, button icons, images, and compilations thereof, all software used in the app, belongs to Actimate, Actimates licensors or suppliers (&#8220;intellectual property Rights &#8220;). <\/span><\/p>\n<p class=\"p1\"><span class=\"s1\">You may not attempt to kopieria, decompile, reverse engineer, disassemble, derive the code, decrypt, modify or create derivative products based on the software in the application. <\/span><\/p>\n<p class=\"p1\"><span class=\"s1\">Any third party software included in the app is licensed to you in accordance with the respective third party license terms for such software. You are obligated to observe and abide by the terms and conditions of use of such third party software when using the app. <\/span><\/p>\n<ol class=\"ol1\">\n<li class=\"li1\"><b><\/b><span class=\"s1\"><b>Other<\/b><\/span><\/li>\n<\/ol>\n<p class=\"p1\"><span class=\"s1\">Actimate have the right to fully or partially transfer their rights and obligations under these general terms and conditions.<\/span><\/p>\n<p class=\"p1\"><span class=\"s1\">CONTACT INFO<\/span><\/p>\n<p class=\"p1\"><span class=\"s1\">Actimate AB<\/span><\/p>\n<p class=\"p1\"><span class=\"s1\">Magle stora Kyrkogata 7<\/span><\/p>\n<p class=\"p1\"><span class=\"s1\">223 53 Lund<\/span><\/p>\n<p class=\"p1\"><span class=\"s1\">Sweden<\/span><\/p>\n<p class=\"p4\"><span class=\"s2\"><a href=\"mailto:support@actimate.se\">support@actimate.se<\/a><\/span><\/p>\n<p class=\"p1\"><span class=\"s1\">+46 (0)706632420<\/span><\/p>\n<p>[\/vc_column_text][\/vc_column][\/vc_row]<\/p>\n<\/section>","protected":false},"excerpt":{"rendered":"<p>[vc_row row_type=&#8221;row&#8221; use_row_as_full_screen_section=&#8221;no&#8221; type=&#8221;full_width&#8221; angled_section=&#8221;no&#8221; text_align=&#8221;left&#8221; background_image_as_pattern=&#8221;without_pattern&#8221; css_animation=&#8221;&#8221;][vc_column][vc_column_text] ALLM\u00c4NNA VILLKOR F\u00d6R ACTIMATE AB Din personliga data F\u00f6r att kunna vara med i t\u00e4vlingen beh\u00f6ver vi tillg\u00e5ng till din aktivitetsdata i Google fit eller Apple Health och vi beh\u00f6ver framf\u00f6rallt ditt samtycke f\u00f6r att f\u00e5 tillg\u00e5ng&#8230;<\/p>\n","protected":false},"author":4,"featured_media":0,"parent":0,"menu_order":0,"comment_status":"closed","ping_status":"closed","template":"","meta":{"content-type":"","footnotes":""},"translation":{"provider":"WPGlobus","version":"3.0.2","language":"en","enabled_languages":["sv","en"],"languages":{"sv":{"title":true,"content":true,"excerpt":false},"en":{"title":false,"content":false,"excerpt":false}}},"_links":{"self":[{"href":"https:\/\/actimate.se\/en\/wp-json\/wp\/v2\/pages\/289"}],"collection":[{"href":"https:\/\/actimate.se\/en\/wp-json\/wp\/v2\/pages"}],"about":[{"href":"https:\/\/actimate.se\/en\/wp-json\/wp\/v2\/types\/page"}],"author":[{"embeddable":true,"href":"https:\/\/actimate.se\/en\/wp-json\/wp\/v2\/users\/4"}],"replies":[{"embeddable":true,"href":"https:\/\/actimate.se\/en\/wp-json\/wp\/v2\/comments?post=289"}],"version-history":[{"count":5,"href":"https:\/\/actimate.se\/en\/wp-json\/wp\/v2\/pages\/289\/revisions"}],"predecessor-version":[{"id":2697,"href":"https:\/\/actimate.se\/en\/wp-json\/wp\/v2\/pages\/289\/revisions\/2697"}],"wp:attachment":[{"href":"https:\/\/actimate.se\/en\/wp-json\/wp\/v2\/media?parent=289"}],"curies":[{"name":"wp","href":"https:\/\/api.w.org\/{rel}","templated":true}]}}