{"id":354,"date":"2017-06-15T13:15:08","date_gmt":"2017-06-15T11:15:08","guid":{"rendered":"http:\/\/www.actimate.se\/?page_id=354"},"modified":"2024-02-16T12:06:01","modified_gmt":"2024-02-16T11:06:01","slug":"1-minut-1-poang","status":"publish","type":"page","link":"https:\/\/actimate.se\/en\/home\/1-minut-1-poang\/","title":{"rendered":"1 minut = 1 po\u00e4ng"},"content":{"rendered":"<section class=\"wpb-content-wrapper\"><p>[vc_row row_type=&#8221;row&#8221; use_row_as_full_screen_section=&#8221;yes&#8221; type=&#8221;grid&#8221; angled_section=&#8221;no&#8221; text_align=&#8221;left&#8221; background_image_as_pattern=&#8221;without_pattern&#8221; background_color=&#8221;#ffffff&#8221; padding_top=&#8221;75&#8243; padding_bottom=&#8221;40&#8243; css_animation=&#8221;&#8221;][vc_column][vc_column_text]<\/p>\n<h2>Ett par enkla steg<\/h2>\n<p>[\/vc_column_text][\/vc_column][\/vc_row][vc_row row_type=&#8221;row&#8221; use_row_as_full_screen_section=&#8221;yes&#8221; type=&#8221;grid&#8221; angled_section=&#8221;no&#8221; text_align=&#8221;left&#8221; background_image_as_pattern=&#8221;without_pattern&#8221; background_color=&#8221;#ffffff&#8221; padding_top=&#8221;40&#8243; padding_bottom=&#8221;40&#8243; css_animation=&#8221;&#8221;][vc_column width=&#8221;1\/3&#8243;][vc_text_separator title=&#8221;Steg 1&#8243; border=&#8221;no&#8221;][vc_separator type=&#8221;transparent&#8221; up=&#8221;5&#8243; down=&#8221;5&#8243;][vc_column_text]<\/p>\n<div class=\"page\" title=\"Page 6\">\n<div class=\"section\">\n<div class=\"layoutArea\">\n<div class=\"column\">\n<p>Vi startar ditt f\u00f6retagskonto. Den ansvariga administrat\u00f6ren f\u00e5r \u00e5tkomst till din f\u00f6retags sida, webb och app.<\/p>\n<\/div>\n<\/div>\n<\/div>\n<\/div>\n<p>[\/vc_column_text][\/vc_column][vc_column width=&#8221;1\/3&#8243;][vc_text_separator title=&#8221;Steg 2&#8243; border=&#8221;no&#8221;][vc_separator type=&#8221;transparent&#8221; up=&#8221;5&#8243; down=&#8221;5&#8243;][vc_column_text]<\/p>\n<div class=\"page\" title=\"Page 6\">\n<div class=\"section\">\n<div class=\"layoutArea\">\n<div class=\"column\">\n<p>Anst\u00e4llda kommer att f\u00e5 en inbjudan via e-post med inloggningsinformation och all information de beh\u00f6ver f\u00f6r att komma ig\u00e5ng.<\/p>\n<\/div>\n<\/div>\n<\/div>\n<\/div>\n<p>[\/vc_column_text][\/vc_column][vc_column width=&#8221;1\/3&#8243;][vc_text_separator title=&#8221;Steg 3&#8243; border=&#8221;no&#8221;][vc_separator type=&#8221;transparent&#8221; up=&#8221;5&#8243; down=&#8221;5&#8243;][vc_column_text]<\/p>\n<div class=\"page\" title=\"Page 6\">\n<div class=\"section\">\n<div class=\"layoutArea\">\n<div class=\"column\">\n<p>Vid inloggning ger du den aktuella appen \u00e5tkomst till din aktivitetsdata som finns i Google Fit eller Apple Health, beroende p\u00e5 din telefon.<\/p>\n<\/div>\n<\/div>\n<\/div>\n<\/div>\n<p>[\/vc_column_text][\/vc_column][\/vc_row][vc_row row_type=&#8221;row&#8221; use_row_as_full_screen_section=&#8221;yes&#8221; type=&#8221;grid&#8221; angled_section=&#8221;no&#8221; text_align=&#8221;left&#8221; background_image_as_pattern=&#8221;without_pattern&#8221; background_color=&#8221;#ffffff&#8221; padding_top=&#8221;40&#8243; padding_bottom=&#8221;40&#8243; css_animation=&#8221;&#8221;][vc_column width=&#8221;1\/3&#8243;][vc_text_separator title=&#8221;Steg 4&#8243; border=&#8221;no&#8221;][vc_separator type=&#8221;transparent&#8221; up=&#8221;5&#8243; down=&#8221;5&#8243;][vc_column_text]<\/p>\n<div class=\"page\" title=\"Page 6\">\n<div class=\"section\">\n<div class=\"layoutArea\">\n<div class=\"column\">\n<p>Grattis! Din 8-veckors aktivitetsutmaning kan nu b\u00f6rja! Varje aktiv minut ger 1 po\u00e4ng. H\u00e5ll koll p\u00e5 topplistan, motivera ditt team och jobba p\u00e5 att f\u00f6rb\u00e4ttra er tillsammans.<\/p>\n<\/div>\n<\/div>\n<\/div>\n<\/div>\n<p>[\/vc_column_text][\/vc_column][vc_column width=&#8221;1\/3&#8243;][vc_text_separator title=&#8221;Steg 5&#8243; border=&#8221;no&#8221;][vc_separator type=&#8221;transparent&#8221; up=&#8221;5&#8243; down=&#8221;5&#8243;][vc_column_text]<\/p>\n<div class=\"page\" title=\"Page 6\">\n<div class=\"section\">\n<div class=\"layoutArea\">\n<div class=\"column\">\n<p>I appens fl\u00f6de f\u00f6r ert f\u00f6retag, f\u00e5r ni motivation och tips, och kan dessutom uppmuntra varandra med meddelanden, tips om tr\u00e4ningspass eller varf\u00f6r inte komma \u00f6verens om en gemensam lunchjogg.<\/p>\n<\/div>\n<\/div>\n<\/div>\n<\/div>\n<p>[\/vc_column_text][\/vc_column][vc_column width=&#8221;1\/3&#8243;][vc_text_separator title=&#8221;Steg 6&#8243; border=&#8221;no&#8221;][vc_separator type=&#8221;transparent&#8221; up=&#8221;5&#8243; down=&#8221;5&#8243;][vc_column_text]<\/p>\n<div class=\"page\" title=\"Page 6\">\n<div class=\"section\">\n<div class=\"layoutArea\">\n<div class=\"column\">\n<p>F\u00f6lj din utveckling och ranking i topplistan. Vi uppmuntrar dig att utmana grannen, din kund eller varf\u00f6r inte en konkurrent? Det ger utmaningen lite extra krydda!<\/p>\n<\/div>\n<\/div>\n<\/div>\n<\/div>\n<p>[\/vc_column_text][\/vc_column][\/vc_row][vc_row row_type=&#8221;row&#8221; use_row_as_full_screen_section=&#8221;yes&#8221; type=&#8221;grid&#8221; angled_section=&#8221;no&#8221; text_align=&#8221;left&#8221; background_image_as_pattern=&#8221;without_pattern&#8221; background_color=&#8221;#ffffff&#8221; padding_top=&#8221;40&#8243; padding_bottom=&#8221;80&#8243; css_animation=&#8221;&#8221;][vc_column][vc_video link=&#8221;https:\/\/youtu.be\/mNdiSZZKrj4&#8243; align=&#8221;center&#8221;][vc_empty_space][vc_single_image image=&#8221;1831&#8243; img_size=&#8221;full&#8221; alignment=&#8221;center&#8221; qode_css_animation=&#8221;&#8221;][\/vc_column][\/vc_row][vc_row row_type=&#8221;row&#8221; use_row_as_full_screen_section=&#8221;yes&#8221; type=&#8221;grid&#8221; angled_section=&#8221;no&#8221; text_align=&#8221;left&#8221; background_image_as_pattern=&#8221;without_pattern&#8221; background_color=&#8221;#f1f1f1&#8243; padding_top=&#8221;100&#8243; padding_bottom=&#8221;100&#8243; css_animation=&#8221;&#8221;][vc_column][vc_column_text]<span style=\"color: #0ad2f4;\"><strong>\u00c4r du intresserad?<\/strong><\/span>[\/vc_column_text][vc_separator type=&#8221;transparent&#8221; up=&#8221;2&#8243; down=&#8221;3&#8243;][vc_column_text]<\/p>\n<h2 style=\"font-size: 36px; color: #575757;\">Vi ser fram emot att h\u00f6ra ifr\u00e5n dig!<\/h2>\n<p>[\/vc_column_text][vc_separator type=&#8221;transparent&#8221; up=&#8221;13&#8243; down=&#8221;12&#8243;][\/vc_column][vc_column width=&#8221;2\/3&#8243;][vc_column_text]<!-- [if lte IE 8]>\n<script charset=\"utf-8\" type=\"text\/javascript\" src=\"\/\/js.hsforms.net\/forms\/v2-legacy.js\"><\/script>\n<![endif]--><br \/>\n<script charset=\"utf-8\" type=\"text\/javascript\" src=\"\/\/js.hsforms.net\/forms\/v2.js\"><\/script><br \/>\n<script>\n  hbspt.forms.create({\n    portalId: '2610292',\n    formId: '250d8ba8-0965-478b-a162-66a710fe620e'\n  });\n<\/script>[\/vc_column_text][vc_separator type=&#8221;transparent&#8221; up=&#8221;20&#8243; down=&#8221;20&#8243; el_class=&#8221;show_on_mobile&#8221;][\/vc_column][vc_column width=&#8221;1\/3&#8243;][vc_column_text]Den st\u00f6rsta tillg\u00e5ngen f\u00f6r ett f\u00f6retag \u00e4r alltid dess anst\u00e4llda. Genom v\u00e5r h\u00e4lsoutmaning ger vi ditt f\u00f6retag m\u00f6jligheten att h\u00e5lla de anst\u00e4llda aktiva och v\u00e4lm\u00e5ende p\u00e5 ett roligt och motiverande s\u00e4tt. Vi ger dig tillg\u00e5ng till ett kraftfullt redskap som skapar m\u00e4tbara m\u00e5l och glada och friska anst\u00e4llda &#8211; Ett f\u00f6retag som m\u00e5r bra helt enkelt. [\/vc_column_text][\/vc_column][\/vc_row][vc_row row_type=&#8221;row&#8221; use_row_as_full_screen_section=&#8221;no&#8221; type=&#8221;full_width&#8221; angled_section=&#8221;no&#8221; text_align=&#8221;left&#8221; background_image_as_pattern=&#8221;without_pattern&#8221; css_animation=&#8221;&#8221;][vc_column]<\/p>\n<\/section>","protected":false},"excerpt":{"rendered":"<p>[vc_row row_type=&#8221;row&#8221; use_row_as_full_screen_section=&#8221;yes&#8221; type=&#8221;grid&#8221; angled_section=&#8221;no&#8221; text_align=&#8221;left&#8221; background_image_as_pattern=&#8221;without_pattern&#8221; background_color=&#8221;#ffffff&#8221; padding_top=&#8221;75&#8243; padding_bottom=&#8221;40&#8243; css_animation=&#8221;&#8221;][vc_column][vc_column_text] Ett par enkla steg [\/vc_column_text][\/vc_column][\/vc_row][vc_row row_type=&#8221;row&#8221; use_row_as_full_screen_section=&#8221;yes&#8221; type=&#8221;grid&#8221; angled_section=&#8221;no&#8221; text_align=&#8221;left&#8221; background_image_as_pattern=&#8221;without_pattern&#8221; background_color=&#8221;#ffffff&#8221; padding_top=&#8221;40&#8243; padding_bottom=&#8221;40&#8243; css_animation=&#8221;&#8221;][vc_column width=&#8221;1\/3&#8243;][vc_text_separator title=&#8221;Steg 1&#8243; border=&#8221;no&#8221;][vc_separator type=&#8221;transparent&#8221; up=&#8221;5&#8243; down=&#8221;5&#8243;][vc_column_text] Vi startar ditt f\u00f6retagskonto. Den ansvariga administrat\u00f6ren f\u00e5r \u00e5tkomst till din f\u00f6retags&#8230;<\/p>\n","protected":false},"author":4,"featured_media":0,"parent":6,"menu_order":0,"comment_status":"closed","ping_status":"closed","template":"full_width.php","meta":{"content-type":"","footnotes":""},"translation":{"provider":"WPGlobus","version":"3.0.2","language":"en","enabled_languages":["sv","en"],"languages":{"sv":{"title":true,"content":true,"excerpt":false},"en":{"title":false,"content":false,"excerpt":false}}},"_links":{"self":[{"href":"https:\/\/actimate.se\/en\/wp-json\/wp\/v2\/pages\/354"}],"collection":[{"href":"https:\/\/actimate.se\/en\/wp-json\/wp\/v2\/pages"}],"about":[{"href":"https:\/\/actimate.se\/en\/wp-json\/wp\/v2\/types\/page"}],"author":[{"embeddable":true,"href":"https:\/\/actimate.se\/en\/wp-json\/wp\/v2\/users\/4"}],"replies":[{"embeddable":true,"href":"https:\/\/actimate.se\/en\/wp-json\/wp\/v2\/comments?post=354"}],"version-history":[{"count":51,"href":"https:\/\/actimate.se\/en\/wp-json\/wp\/v2\/pages\/354\/revisions"}],"predecessor-version":[{"id":2690,"href":"https:\/\/actimate.se\/en\/wp-json\/wp\/v2\/pages\/354\/revisions\/2690"}],"up":[{"embeddable":true,"href":"https:\/\/actimate.se\/en\/wp-json\/wp\/v2\/pages\/6"}],"wp:attachment":[{"href":"https:\/\/actimate.se\/en\/wp-json\/wp\/v2\/media?parent=354"}],"curies":[{"name":"wp","href":"https:\/\/api.w.org\/{rel}","templated":true}]}}