{"id":6,"date":"2017-01-25T09:17:33","date_gmt":"2017-01-25T08:17:33","guid":{"rendered":"http:\/\/www.actimate.se\/?page_id=6"},"modified":"2024-04-08T13:30:57","modified_gmt":"2024-04-08T11:30:57","slug":"home","status":"publish","type":"page","link":"https:\/\/actimate.se\/en\/","title":{"rendered":"Hem"},"content":{"rendered":"<section class=\"wpb-content-wrapper\"><p>[vc_row css_animation=&#8221;&#8221; row_type=&#8221;row&#8221; use_row_as_full_screen_section=&#8221;yes&#8221; type=&#8221;grid&#8221; angled_section=&#8221;no&#8221; text_align=&#8221;left&#8221; background_image_as_pattern=&#8221;without_pattern&#8221; background_color=&#8221;#ffffff&#8221; padding_top=&#8221;100&#8243; padding_bottom=&#8221;130&#8243;][vc_column width=&#8221;1\/2&#8243;][vc_column_text css=&#8221;.vc_custom_1529494720158{margin-bottom: 20px !important;}&#8221;]<span style=\"color: #0ad2f4;\"><strong>Varf\u00f6r?<\/strong><\/span>[\/vc_column_text][vc_column_text]<\/p>\n<h2 style=\"font-size: 48px; color: #565656;\">Pigg, frisk &amp; glad.<\/h2>\n<p>[\/vc_column_text][vc_separator type=&#8221;transparent&#8221; up=&#8221;13&#8243; down=&#8221;12&#8243;][vc_column_text]Den st\u00f6rsta tillg\u00e5ngen f\u00f6r alla f\u00f6retag \u00e4r de anst\u00e4llda. Vi ger ditt f\u00f6retag och dina anst\u00e4llda\u00a0ett inspirerande verktyg f\u00f6r att h\u00e5lla fokus p\u00e5 fysisk aktivitet. Med \u00f6kad aktivitet kommer du att k\u00e4nna dig friskare och gladare. Anv\u00e4nd v\u00e5r app f\u00f6r att utmana, engagera och motivera dina anst\u00e4llda.[\/vc_column_text]<a  href=\"https:\/\/actimate.se\/home\/1-minut-1-poang\/\" target=\"_self\" data-hover-background-color=#0ad2f4 data-hover-border-color=#0ad2f4 data-hover-color=#ffffff class=\"qbutton  large center default\" style=\"color: #ffffff; border-color: #0ad2f4; margin: 50px 0 0 0; border-radius: 20px;-moz-border-radius: 20px;-webkit-border-radius: 20px; background-color: #0ad2f4;\">Mer info<\/a>[vc_separator type=&#8221;transparent&#8221; up=&#8221;13&#8243; down=&#8221;12&#8243;][vc_separator type=&#8221;transparent&#8221; up=&#8221;20&#8243; down=&#8221;20&#8243; el_class=&#8221;show_on_mobile&#8221;][\/vc_column][vc_column width=&#8221;1\/2&#8243; offset=&#8221;vc_hidden-xs&#8221;][vc_single_image image=&#8221;335&#8243; img_size=&#8221;full&#8221; alignment=&#8221;center&#8221; qode_css_animation=&#8221;&#8221;][\/vc_column][\/vc_row][vc_row css_animation=&#8221;&#8221; row_type=&#8221;row&#8221; use_row_as_full_screen_section=&#8221;no&#8221; type=&#8221;grid&#8221; header_style=&#8221;light&#8221; angled_section=&#8221;no&#8221; text_align=&#8221;left&#8221; background_image=&#8221;334&#8243; background_image_as_pattern=&#8221;without_pattern&#8221; padding_top=&#8221;200&#8243; padding_bottom=&#8221;200&#8243; el_class=&#8221;background_bottom&#8221;][vc_column width=&#8221;1\/3&#8243;][vc_column_text css=&#8221;.vc_custom_1529494872919{margin-bottom: 20px !important;}&#8221;]<span style=\"color: #ffffff;\"><strong>S\u00e5 fungerar det .<\/strong><\/span>[\/vc_column_text][vc_column_text]<\/p>\n<h2 style=\"font-size: 48px; color: #ffffff;\">Kom ig\u00e5ng.<\/h2>\n<p>[\/vc_column_text][vc_separator type=&#8221;transparent&#8221; up=&#8221;13&#8243; down=&#8221;12&#8243;][vc_column_text]<span style=\"color: #ffffff; font-size: 18px;\">Kolla v\u00e5r video.<br \/>\n(det tar bara 1 minut.)<br \/>\n<\/span>[\/vc_column_text][vc_separator type=&#8221;transparent&#8221; up=&#8221;13&#8243; down=&#8221;12&#8243;]<a  href=\"\/request-demo\" target=\"_self\" data-hover-background-color=#0ad2f4 data-hover-border-color=#0ad2f4 data-hover-color=#ffffff class=\"qbutton  large center default\" style=\"color: #0ad2f4; border-color: #ffffff; margin: 50px 0 0 0; border-radius: 20px;-moz-border-radius: 20px;-webkit-border-radius: 20px; background-color: #ffffff;\">Boka demo<\/a>[vc_separator type=&#8221;transparent&#8221; up=&#8221;20&#8243; down=&#8221;20&#8243; el_class=&#8221;show_on_mobile&#8221;][\/vc_column][vc_column width=&#8221;2\/3&#8243;][vc_video link=&#8221;https:\/\/youtu.be\/V7u_coYZSfY&#8221; align=&#8221;center&#8221;][\/vc_column][\/vc_row][vc_row css_animation=&#8221;&#8221; row_type=&#8221;row&#8221; use_row_as_full_screen_section=&#8221;yes&#8221; type=&#8221;grid&#8221; anchor=&#8221;how_it_works&#8221; angled_section=&#8221;no&#8221; text_align=&#8221;left&#8221; background_image_as_pattern=&#8221;without_pattern&#8221; background_color=&#8221;#ffffff&#8221; padding_top=&#8221;100&#8243; padding_bottom=&#8221;100&#8243;][vc_column width=&#8221;1\/2&#8243;][vc_column_text css=&#8221;.vc_custom_1598264878835{margin-bottom: 20px !important;}&#8221;]<span style=\"color: #0ad2f4;\"><strong>Motivera dig sj\u00e4lv, ditt team och ditt f\u00f6retag att bli h\u00e4lsosammare.<\/strong><\/span>[\/vc_column_text][vc_column_text]<\/p>\n<h2 style=\"font-size: 48px; color: #575757;\">Teamet i fokus.<\/h2>\n<h2 style=\"font-size: 36px; color: #0ad2f4;\">Enkelt, l\u00e4tt och smart. V\u00e5r app motiverar medarbetarna att bli mer fysiskt aktiva.<\/h2>\n<p>[\/vc_column_text][vc_separator type=&#8221;transparent&#8221; up=&#8221;13&#8243; down=&#8221;12&#8243;][vc_column_text]Nyckeln till att bygga b\u00e4ttre vanor \u00e4r att ta sm\u00e5 steg varje dag. V\u00e5r l\u00f6sning g\u00f6r det roligt och enkelt. V\u00e5r App ansluter till Google Fitness (Android) eller Apple Health (iOS). Aktivitetsutmaningen bygger lagk\u00e4nsla och \u00e4r bra f\u00f6r h\u00e4lsan, d\u00e4rtill kommer de anst\u00e4llda att kunna anv\u00e4nda sina aktivitetspo\u00e4ng f\u00f6r bel\u00f6ningar.<\/p>\n<p>Starta er aktivitetsutmaning idag!<\/p>\n<p>&nbsp;<\/p>\n<p><a href=\"https:\/\/play.google.com\/store\/apps\/details?id=se.actimate.actimateapp&amp;hl=sv\"><img decoding=\"async\" loading=\"lazy\" class=\"alignnone wp-image-94 size-full\" src=\"http:\/\/www.actimate.se\/wp-content\/uploads\/google-play-btn.png\" width=\"150\" height=\"45\" \/><\/a><\/p>\n<p><a href=\"https:\/\/itunes.apple.com\/se\/app\/actimate\/id1215278862?mt=8\"><img decoding=\"async\" loading=\"lazy\" class=\"alignnone wp-image-95 size-full\" src=\"http:\/\/www.actimate.se\/wp-content\/uploads\/appstore-btn.png\" width=\"150\" height=\"45\" \/><\/a><\/p>\n<p><small>* Sk\u00e4rmbilden \u00e4r bara en imitation och visar inte the den slutgiltiga inloggningssk\u00e4rmen<\/small>[\/vc_column_text][vc_separator type=&#8221;transparent&#8221; up=&#8221;20&#8243; down=&#8221;20&#8243; el_class=&#8221;show_on_mobile&#8221;][\/vc_column][vc_column width=&#8221;1\/2&#8243;][vc_single_image image=&#8221;2679&#8243; img_size=&#8221;full&#8221; alignment=&#8221;center&#8221; qode_css_animation=&#8221;&#8221;][\/vc_column][\/vc_row][vc_row css_animation=&#8221;&#8221; row_type=&#8221;row&#8221; use_row_as_full_screen_section=&#8221;no&#8221; type=&#8221;full_width&#8221; angled_section=&#8221;no&#8221; text_align=&#8221;left&#8221; background_image_as_pattern=&#8221;without_pattern&#8221;][vc_column][vc_single_image image=&#8221;1822&#8243; img_size=&#8221;full&#8221; alignment=&#8221;center&#8221; qode_css_animation=&#8221;&#8221;][\/vc_column][\/vc_row][vc_row css_animation=&#8221;&#8221; row_type=&#8221;row&#8221; use_row_as_full_screen_section=&#8221;yes&#8221; type=&#8221;grid&#8221; anchor=&#8221;how_it_works&#8221; angled_section=&#8221;no&#8221; text_align=&#8221;left&#8221; background_image_as_pattern=&#8221;without_pattern&#8221; background_color=&#8221;#ffffff&#8221; padding_top=&#8221;100&#8243; padding_bottom=&#8221;100&#8243;][vc_column][vc_column_text css=&#8221;.vc_custom_1598264910780{margin-bottom: 20px !important;}&#8221;]<span style=\"color: #0ad2f4;\"><strong>V\u00e5ra deltagare ber\u00e4ttar om sin h\u00e4lsoresa tillsammans med Actimate<\/strong><\/span>[\/vc_column_text][vc_column_text]<\/p>\n<h2 style=\"font-size: 48px; color: #575757;\">&#8220;Jag lyckades skapa nya goda vanor som h\u00f6ll i sig \u00e4ven efter t\u00e4vlingen&#8221;<\/h2>\n<h2 style=\"font-size: 36px; color: #0ad2f4;\">Lyssna p\u00e5 n\u00e5gra av v\u00e5ra deltagares h\u00e4lsoresor.<\/h2>\n<p>[\/vc_column_text][\/vc_column][\/vc_row][vc_row css_animation=&#8221;&#8221; row_type=&#8221;row&#8221; use_row_as_full_screen_section=&#8221;yes&#8221; type=&#8221;grid&#8221; anchor=&#8221;how_it_works&#8221; angled_section=&#8221;no&#8221; text_align=&#8221;left&#8221; background_image_as_pattern=&#8221;without_pattern&#8221; background_color=&#8221;#ffffff&#8221; padding_top=&#8221;100&#8243; padding_bottom=&#8221;100&#8243;][vc_column width=&#8221;1\/2&#8243;][vc_video link=&#8221;https:\/\/youtu.be\/KY6cja8VIVU&#8221; align=&#8221;right&#8221;][vc_empty_space][vc_video link=&#8221;https:\/\/youtu.be\/ohu6ZpoW2wc&#8221;][\/vc_column][vc_column width=&#8221;1\/2&#8243;][vc_video link=&#8221;https:\/\/youtu.be\/qWJ6nFzkaJg&#8221;][vc_empty_space][vc_video link=&#8221;https:\/\/youtu.be\/xNosTIrz8tQ&#8221;][\/vc_column][vc_column][vc_empty_space][\/vc_column][\/vc_row][vc_row css_animation=&#8221;&#8221; row_type=&#8221;row&#8221; use_row_as_full_screen_section=&#8221;yes&#8221; type=&#8221;grid&#8221; angled_section=&#8221;no&#8221; text_align=&#8221;left&#8221; background_image=&#8221;331&#8243; background_image_as_pattern=&#8221;without_pattern&#8221; padding_top=&#8221;100&#8243; padding_bottom=&#8221;100&#8243;][vc_column][vc_column_text css=&#8221;.vc_custom_1708097645354{margin-bottom: 20px !important;}&#8221;]<span style=\"color: #15ffff;\"><strong>Health Business of the Year 2024<\/strong><\/span>[\/vc_column_text][vc_row_inner row_type=&#8221;row&#8221; type=&#8221;full_width&#8221; text_align=&#8221;left&#8221; css_animation=&#8221;&#8221;][vc_column_inner width=&#8221;1\/2&#8243;][vc_column_text css=&#8221;.vc_custom_1598077020864{margin-bottom: 10px !important;}&#8221;][\/vc_column_text][vc_column_text css=&#8221;.vc_custom_1708101805851{margin-bottom: 10px !important;padding-bottom: 20px !important;}&#8221;]<\/p>\n<div class=\"gmail-wpb_text_column gmail-wpb_content_element gmail-vc_custom_1529495354826\">\n<div class=\"gmail-wpb_wrapper\">\n<div class=\"gmail-wpb_text_column gmail-wpb_content_element gmail-vc_custom_1529495354826\">\n<div class=\"gmail-wpb_wrapper\">\n<h1><span style=\"color: #ffffff;\">Varf\u00f6r ska du vara med?<\/span><\/h1>\n<div>\n<div class=\"gmail-wpb_text_column gmail-wpb_content_element gmail-vc_custom_1550672148073\">\n<div class=\"gmail-wpb_wrapper\">\n<h3><span style=\"color: #ffffff;\">\u00a0<\/span><\/h3>\n<h3><span style=\"color: #ffffff;\">Health Business of the year \u00e4r en h\u00e4rlig motionsutmaning d\u00e4r ni tillsammans\u00a0p\u00e5 f\u00f6retaget utmanar er sj\u00e4lva och varandra att tr\u00e4na och r\u00f6ra p\u00e5 er f\u00f6r att bli h\u00e4lsosammare, piggare, friskare och gladare.<\/span><\/h3>\n<div><span style=\"color: #ffffff;\">\u00a0<\/span><\/div>\n<\/div>\n<\/div>\n<div class=\"gmail-wpb_text_column gmail-wpb_content_element\">\n<div class=\"gmail-wpb_wrapper\">\n<h2><span style=\"color: #ffffff;\"><b><span style=\"font-size: large;\">Vad ing\u00e5r?<\/span><\/b><br \/>\n<\/span><\/h2>\n<\/div>\n<\/div>\n<\/div>\n<\/div>\n<\/div>\n<div class=\"gmail-wpb_text_column gmail-wpb_content_element gmail-vc_custom_1577900402267\">\n<div class=\"gmail-wpb_wrapper\"><span style=\"color: #ffffff;\">\u00a0<\/span><\/div>\n<p class=\"gmail-wpb_wrapper\"><span style=\"color: #ffffff;\"><b>Tr\u00e4na tillsammans<\/b><br \/>\nUtmaningen Health Business of the Year 2024 d\u00e4r du sporrar dig sj\u00e4lv och dina kollegor till en aktivare livsstil.<\/span><\/p>\n<div class=\"gmail-wpb_wrapper\"><span style=\"color: #ffffff;\"><br \/>\n<b>Motivera dig sj\u00e4lv och andra<\/b><\/span><\/div>\n<div class=\"gmail-wpb_wrapper\"><span style=\"color: #ffffff;\">Appen st\u00f6djer och motiverar din tr\u00e4ning. Du har tillg\u00e5ng till appen och dess funktioner fram till 31 dec 2024.<\/span><\/div>\n<div class=\"gmail-wpb_wrapper\"><span style=\"color: #ffffff;\"><br \/>\n<b>Kraftfulla resultat<\/b><\/span><\/div>\n<div class=\"gmail-wpb_wrapper\">\n<p><span style=\"color: #ffffff;\">F\u00f6lj utvecklingen p\u00e5 ett enkelt s\u00e4tt i appen.<\/span><\/p>\n<p>&nbsp;<\/p>\n<\/div>\n<div class=\"gmail-wpb_wrapper\"><b><span style=\"color: #ffffff;\">Socialt\u00a0<\/span><\/b><\/div>\n<div class=\"gmail-wpb_wrapper\">\n<p><span style=\"color: #ffffff;\">Kommunicera och motivera andra i appen.<\/span><\/p>\n<p>&nbsp;<\/p>\n<\/div>\n<div class=\"gmail-wpb_wrapper\"><b><span style=\"color: #ffffff;\">Tr\u00e4na och f\u00e5 en bel\u00f6ning\u00a0<\/span><\/b><\/div>\n<div class=\"gmail-wpb_wrapper\"><span style=\"color: #ffffff;\">Som extra motivation kan du f\u00e5 bel\u00f6ningar om du tr\u00e4nat mycket och samlat ihop aktivitetspo\u00e4ng. Bel\u00f6ningarna kommer fr\u00e5n v\u00e5ra partners.<\/span><\/div>\n<p>&nbsp;<\/p>\n<div class=\"gmail-wpb_wrapper\"><b><span style=\"color: #ffffff;\">V\u00e4rldsledande digital h\u00e4lsoanalys ing\u00e5r\u00a0<\/span><\/b><\/div>\n<div class=\"gmail-wpb_wrapper\"><span style=\"color: #ffffff;\">F\u00f6r att f\u00e5 en \u00e4nnu b\u00e4ttre motivation i aktiviteterna arbetar vi med m\u00f6jlighet att, f\u00f6r de som vill, b\u00f6rja samt avsluta projektet med en avancerad algoritm-baserad digital h\u00e4lsoanalys. Den m\u00e4ter h\u00e4lsan utifr\u00e5n ett 50-tal olika parametrar och allt g\u00f6rs digitalt hemifr\u00e5n. Denna h\u00e4lsoanalys g\u00f6rs i samarbete med bolaget LifeComp som \u00e4r det ledande bolaget f\u00f6r digital h\u00e4lsoanalys. H\u00e4lsoanalysen kostar normalt 495 kr per analys, men ing\u00e5r nu helt kostnadsfritt f\u00f6r Actimates kunder.<\/span><\/div>\n<div class=\"gmail-wpb_wrapper\">\n<p>&nbsp;<\/p>\n<p><span style=\"color: #ffffff;\"><b><i>Priset \u00e4r 399 kr\/anst\u00e4lld<\/i><\/b><\/span><\/p>\n<\/div>\n<div class=\"gmail-wpb_wrapper\"><i><span style=\"color: #ffffff;\">Fr\u00e5gor eller fler \u00e4n 100 medarbetare? Kontakta oss\u00a0<\/span><\/i><\/div>\n<\/div>\n<\/div>\n<\/div>\n<p>[\/vc_column_text][\/vc_column_inner][vc_column_inner width=&#8221;1\/2&#8243;][vc_single_image image=&#8221;1671&#8243; img_size=&#8221;506X506&#8243; alignment=&#8221;center&#8221; style=&#8221;vc_box_circle_2&#8243; qode_css_animation=&#8221;&#8221;][\/vc_column_inner][\/vc_row_inner][vc_separator type=&#8221;transparent&#8221; up=&#8221;15&#8243; down=&#8221;15&#8243;][\/vc_column][\/vc_row][vc_row css_animation=&#8221;&#8221; row_type=&#8221;row&#8221; use_row_as_full_screen_section=&#8221;yes&#8221; type=&#8221;grid&#8221; anchor=&#8221;register_today&#8221; angled_section=&#8221;no&#8221; text_align=&#8221;left&#8221; background_image_as_pattern=&#8221;without_pattern&#8221; background_color=&#8221;#ffffff&#8221; padding_top=&#8221;100&#8243; padding_bottom=&#8221;100&#8243;][vc_column][vc_empty_space][vc_column_text css=&#8221;.vc_custom_1542382051428{margin-bottom: 20px !important;}&#8221;]<span style=\"color: #0ad2f4;\"><strong>Intressant?<\/strong><\/span>[\/vc_column_text][vc_column_text]<\/p>\n<h2 style=\"font-size: 48px; color: #575757;\">Klart att vi vill s\u00e4tta fokus p\u00e5 fysisk aktivitet!<\/h2>\n<p>[\/vc_column_text][vc_separator type=&#8221;transparent&#8221; up=&#8221;13&#8243; down=&#8221;12&#8243;][vc_single_image image=&#8221;2395&#8243; img_size=&#8221;full&#8221; qode_css_animation=&#8221;&#8221;][\/vc_column][vc_column width=&#8221;2\/3&#8243;][vc_column_text]<script charset=\"utf-8\" type=\"text\/javascript\" src=\"\/\/js.hsforms.net\/forms\/shell.js\"><\/script><br \/>\n<script>\n  hbspt.forms.create({\n\tportalId: \"2610292\",\n\tformId: \"7e693242-11f6-449d-9fa6-a3d551a597b5\"\n});\n<\/script>[\/vc_column_text][vc_separator type=&#8221;transparent&#8221; up=&#8221;20&#8243; down=&#8221;20&#8243; el_class=&#8221;show_on_mobile&#8221;][\/vc_column][vc_column width=&#8221;1\/3&#8243;][vc_column_text]\u00c4r ni redo att anta utmaningen?<\/p>\n<p>Vill du ge\u00a0dig sj\u00e4lv och dina\u00a0kollegor\u00a0ett \u00f6kat fokus p\u00e5 fysisk aktivitet?<\/p>\n<p>Fyll\u00a0i formul\u00e4ret s\u00e5 kontaktar vi dig f\u00f6r mer\u00a0info .<\/p>\n<p>Anv\u00e4nd v\u00e5r app och utmana\u00a0\u00a0varandra till en mer\u00a0 h\u00e4lsosam och aktiv\u00a0vardag.<\/p>\n<p>-Enkelt och smidigt![\/vc_column_text][\/vc_column][\/vc_row][vc_row css_animation=&#8221;&#8221; row_type=&#8221;row&#8221; use_row_as_full_screen_section=&#8221;no&#8221; type=&#8221;full_width&#8221; angled_section=&#8221;no&#8221; text_align=&#8221;left&#8221; background_image_as_pattern=&#8221;without_pattern&#8221;][vc_column][vc_single_image image=&#8221;1831&#8243; img_size=&#8221;full&#8221; add_caption=&#8221;yes&#8221; alignment=&#8221;center&#8221; qode_css_animation=&#8221;&#8221;][\/vc_column][\/vc_row]<\/p>\n<\/section>","protected":false},"excerpt":{"rendered":"<p>[vc_row css_animation=&#8221;&#8221; row_type=&#8221;row&#8221; use_row_as_full_screen_section=&#8221;yes&#8221; type=&#8221;grid&#8221; angled_section=&#8221;no&#8221; text_align=&#8221;left&#8221; background_image_as_pattern=&#8221;without_pattern&#8221; background_color=&#8221;#ffffff&#8221; padding_top=&#8221;100&#8243; padding_bottom=&#8221;130&#8243;][vc_column width=&#8221;1\/2&#8243;][vc_column_text css=&#8221;.vc_custom_1529494720158{margin-bottom: 20px !important;}&#8221;]Varf\u00f6r?[\/vc_column_text][vc_column_text] Pigg, frisk &amp; glad. [\/vc_column_text][vc_separator type=&#8221;transparent&#8221; up=&#8221;13&#8243; down=&#8221;12&#8243;][vc_column_text]Den st\u00f6rsta tillg\u00e5ngen f\u00f6r alla f\u00f6retag \u00e4r de anst\u00e4llda. Vi ger ditt f\u00f6retag och dina anst\u00e4llda\u00a0ett inspirerande verktyg f\u00f6r att h\u00e5lla fokus p\u00e5&#8230;<\/p>\n","protected":false},"author":1,"featured_media":0,"parent":0,"menu_order":0,"comment_status":"closed","ping_status":"closed","template":"full_width.php","meta":{"content-type":"","footnotes":""},"translation":{"provider":"WPGlobus","version":"3.0.2","language":"en","enabled_languages":["sv","en"],"languages":{"sv":{"title":true,"content":true,"excerpt":false},"en":{"title":false,"content":false,"excerpt":false}}},"_links":{"self":[{"href":"https:\/\/actimate.se\/en\/wp-json\/wp\/v2\/pages\/6"}],"collection":[{"href":"https:\/\/actimate.se\/en\/wp-json\/wp\/v2\/pages"}],"about":[{"href":"https:\/\/actimate.se\/en\/wp-json\/wp\/v2\/types\/page"}],"author":[{"embeddable":true,"href":"https:\/\/actimate.se\/en\/wp-json\/wp\/v2\/users\/1"}],"replies":[{"embeddable":true,"href":"https:\/\/actimate.se\/en\/wp-json\/wp\/v2\/comments?post=6"}],"version-history":[{"count":426,"href":"https:\/\/actimate.se\/en\/wp-json\/wp\/v2\/pages\/6\/revisions"}],"predecessor-version":[{"id":2867,"href":"https:\/\/actimate.se\/en\/wp-json\/wp\/v2\/pages\/6\/revisions\/2867"}],"wp:attachment":[{"href":"https:\/\/actimate.se\/en\/wp-json\/wp\/v2\/media?parent=6"}],"curies":[{"name":"wp","href":"https:\/\/api.w.org\/{rel}","templated":true}]}}